{"id":44449,"date":"2026-04-20T12:34:38","date_gmt":"2026-04-20T12:34:38","guid":{"rendered":"https:\/\/singuli.wpress.me\/index.php\/proizvod\/braun-exactfit-1-tlakomjer-za-nadlakticu\/"},"modified":"2026-04-20T12:34:38","modified_gmt":"2026-04-20T12:34:38","slug":"braun-exactfit-1-tlakomjer-za-nadlakticu","status":"publish","type":"product","link":"https:\/\/singuli.wpress.me\/index.php\/proizvod\/braun-exactfit-1-tlakomjer-za-nadlakticu\/","title":{"rendered":"BRAUN Exactfit 1, tlakomjer za nadlakticu"},"content":{"rendered":"<p><span style=\"font-weight: bold\">Braun tlakomjer za nadlakticu Braun ExactFit\u2122 1<\/span> omogu\u0107it \u0107e vam da sami jednostavno i precizno izmjerite svoj krvni tlak kod ku\u0107e. <\/p>\n<p>Potvr\u0111eni od strane Europskog dru\u0161tva za hipertenziju, Braunovi tlakomjeri nude klini\u010dki dokazanu to\u010dnost. <\/p>\n<p>Njegovo mjerenje tlaka je brzo i jednostavno. <\/p>\n<p>Ima velik gumb za uklju\u010divanje i isklju\u010divanje. Velik LCD zaslon je prakti\u010dan i pregledan. Pokazuje zadnju izmjerenu vrijednost.<\/p>\n","protected":false},"excerpt":{"rendered":"<p>Omogu\u0107uje samostalno, jednostavno i precizno izmjerite svoj krvni tlak kod ku\u0107e<br \/>\nBraunovi tlakomjeri nude klini\u010dki dokazanu to\u010dnost<br \/>\nPokazuje zadnju izmjerenu vrijednost<\/p>\n","protected":false},"featured_media":44450,"template":"","meta":{"_seopress_robots_primary_cat":"","_seopress_titles_title":"","_seopress_titles_desc":"","_seopress_robots_index":"","iawp_total_views":0},"product_brand":[144],"product_cat":[192,267],"product_tag":[],"class_list":{"0":"post-44449","1":"product","2":"type-product","3":"status-publish","4":"has-post-thumbnail","6":"product_brand-braun","7":"product_cat-aparati-za-osobnu-njegu","8":"product_cat-zdravstveni-uredaji-192","10":"first","11":"outofstock","12":"shipping-taxable","13":"purchasable","14":"product-type-simple"},"_links":{"self":[{"href":"https:\/\/singuli.wpress.me\/index.php\/wp-json\/wp\/v2\/product\/44449","targetHints":{"allow":["GET"]}}],"collection":[{"href":"https:\/\/singuli.wpress.me\/index.php\/wp-json\/wp\/v2\/product"}],"about":[{"href":"https:\/\/singuli.wpress.me\/index.php\/wp-json\/wp\/v2\/types\/product"}],"version-history":[{"count":0,"href":"https:\/\/singuli.wpress.me\/index.php\/wp-json\/wp\/v2\/product\/44449\/revisions"}],"wp:featuredmedia":[{"embeddable":true,"href":"https:\/\/singuli.wpress.me\/index.php\/wp-json\/wp\/v2\/media\/44450"}],"wp:attachment":[{"href":"https:\/\/singuli.wpress.me\/index.php\/wp-json\/wp\/v2\/media?parent=44449"}],"wp:term":[{"taxonomy":"product_brand","embeddable":true,"href":"https:\/\/singuli.wpress.me\/index.php\/wp-json\/wp\/v2\/product_brand?post=44449"},{"taxonomy":"product_cat","embeddable":true,"href":"https:\/\/singuli.wpress.me\/index.php\/wp-json\/wp\/v2\/product_cat?post=44449"},{"taxonomy":"product_tag","embeddable":true,"href":"https:\/\/singuli.wpress.me\/index.php\/wp-json\/wp\/v2\/product_tag?post=44449"}],"curies":[{"name":"wp","href":"https:\/\/api.w.org\/{rel}","templated":true}]}}