{"id":44452,"date":"2026-04-20T12:34:39","date_gmt":"2026-04-20T12:34:39","guid":{"rendered":"https:\/\/singuli.wpress.me\/index.php\/proizvod\/stevia-sugarel-tablete-200-kom\/"},"modified":"2026-04-20T12:34:39","modified_gmt":"2026-04-20T12:34:39","slug":"stevia-sugarel-tablete-200-kom","status":"publish","type":"product","link":"https:\/\/singuli.wpress.me\/index.php\/proizvod\/stevia-sugarel-tablete-200-kom\/","title":{"rendered":"STEVIA Sugarel, tablete, 200\u00a0kom"},"content":{"rendered":"<p>Stevija je prirodni zasla\u0111iva\u010d i za razliku od \u0161e\u0107era, ne izaziva karijes niti nepo\u017eeljnu toleranciju na okus, sprje\u010dava nastajanje zubnog plaka, nema kalorija, nema \u0161tetnih nuspojava poput umjetnih zasla\u0111iva\u010da i otporna je na visoke temperature (pogodna i za pripravu kola\u010da!).<\/p>\n<p>Prirodni zasla\u0111iva\u010d u tabletama<\/p>\n","protected":false},"excerpt":{"rendered":"<p>Prirodni zasla\u0111iva\u010d<br \/>\nNe izaziva karijes niti nepo\u017eeljnu toleranciju na okus<br \/>\nNema kalorija<\/p>\n","protected":false},"featured_media":44453,"template":"","meta":{"_seopress_robots_primary_cat":"","_seopress_titles_title":"","_seopress_titles_desc":"","_seopress_robots_index":"","iawp_total_views":0},"product_brand":[902],"product_cat":[261,270],"product_tag":[],"class_list":{"0":"post-44452","1":"product","2":"type-product","3":"status-publish","4":"has-post-thumbnail","6":"product_brand-stevia","7":"product_cat-hrana-i-pice","8":"product_cat-slasticarstvo-261","10":"first","11":"instock","12":"shipping-taxable","13":"purchasable","14":"product-type-simple"},"_links":{"self":[{"href":"https:\/\/singuli.wpress.me\/index.php\/wp-json\/wp\/v2\/product\/44452","targetHints":{"allow":["GET"]}}],"collection":[{"href":"https:\/\/singuli.wpress.me\/index.php\/wp-json\/wp\/v2\/product"}],"about":[{"href":"https:\/\/singuli.wpress.me\/index.php\/wp-json\/wp\/v2\/types\/product"}],"version-history":[{"count":0,"href":"https:\/\/singuli.wpress.me\/index.php\/wp-json\/wp\/v2\/product\/44452\/revisions"}],"wp:featuredmedia":[{"embeddable":true,"href":"https:\/\/singuli.wpress.me\/index.php\/wp-json\/wp\/v2\/media\/44453"}],"wp:attachment":[{"href":"https:\/\/singuli.wpress.me\/index.php\/wp-json\/wp\/v2\/media?parent=44452"}],"wp:term":[{"taxonomy":"product_brand","embeddable":true,"href":"https:\/\/singuli.wpress.me\/index.php\/wp-json\/wp\/v2\/product_brand?post=44452"},{"taxonomy":"product_cat","embeddable":true,"href":"https:\/\/singuli.wpress.me\/index.php\/wp-json\/wp\/v2\/product_cat?post=44452"},{"taxonomy":"product_tag","embeddable":true,"href":"https:\/\/singuli.wpress.me\/index.php\/wp-json\/wp\/v2\/product_tag?post=44452"}],"curies":[{"name":"wp","href":"https:\/\/api.w.org\/{rel}","templated":true}]}}