{"id":44465,"date":"2026-04-20T12:34:42","date_gmt":"2026-04-20T12:34:42","guid":{"rendered":"https:\/\/singuli.wpress.me\/index.php\/proizvod\/bison-pu-pjena-nisko-ekspandirajuca-rucna-700-ml\/"},"modified":"2026-04-21T00:27:27","modified_gmt":"2026-04-21T00:27:27","slug":"bison-pu-pjena-nisko-ekspandirajuca-rucna-700-ml","status":"publish","type":"product","link":"https:\/\/singuli.wpress.me\/index.php\/proizvod\/bison-pu-pjena-nisko-ekspandirajuca-rucna-700-ml\/","title":{"rendered":"BISON, PU pjena, nisko ekspandiraju\u0107a ru\u010dna, 700\u00a0ml"},"content":{"rendered":"<p>Idealan za popunjavanje i izolaciju otvora izme\u0111u vrata i prozora u gra\u0111evinskim konstrukcijama. <\/p>\n<p>Proizvedeno prema formuli s niskom ekspanzijom. Osigurava u\u010dinkovitu izolaciju me\u0111uprostora i eliminira njihovo uni\u0161tenje kao posljedicu ne\u017eeljenog \u0161irenja. <\/p>\n<p>Tako\u0111er, pjena osigurava dobru i neraskidivu vezu izme\u0111u komponenti.<\/p>\n","protected":false},"excerpt":{"rendered":"<p>Idealan za popunjavanje i izolaciju otvora<br \/>\nProizvedeno prema formuli s niskom ekspanzijom<br \/>\nPjena osigurava dobru i neraskidivu vezu izme\u0111u komponenti<\/p>\n","protected":false},"featured_media":44466,"template":"","meta":{"_seopress_robots_primary_cat":"","_seopress_titles_title":"","_seopress_titles_desc":"","_seopress_robots_index":"","iawp_total_views":0},"product_brand":[494],"product_cat":[264,238],"product_tag":[],"class_list":{"0":"post-44465","1":"product","2":"type-product","3":"status-publish","4":"has-post-thumbnail","6":"product_brand-bison","7":"product_cat-ljepila-i-brtvila-238","8":"product_cat-sve-za-dom","10":"first","11":"outofstock","12":"shipping-taxable","13":"purchasable","14":"product-type-simple"},"_links":{"self":[{"href":"https:\/\/singuli.wpress.me\/index.php\/wp-json\/wp\/v2\/product\/44465","targetHints":{"allow":["GET"]}}],"collection":[{"href":"https:\/\/singuli.wpress.me\/index.php\/wp-json\/wp\/v2\/product"}],"about":[{"href":"https:\/\/singuli.wpress.me\/index.php\/wp-json\/wp\/v2\/types\/product"}],"version-history":[{"count":0,"href":"https:\/\/singuli.wpress.me\/index.php\/wp-json\/wp\/v2\/product\/44465\/revisions"}],"wp:featuredmedia":[{"embeddable":true,"href":"https:\/\/singuli.wpress.me\/index.php\/wp-json\/wp\/v2\/media\/44466"}],"wp:attachment":[{"href":"https:\/\/singuli.wpress.me\/index.php\/wp-json\/wp\/v2\/media?parent=44465"}],"wp:term":[{"taxonomy":"product_brand","embeddable":true,"href":"https:\/\/singuli.wpress.me\/index.php\/wp-json\/wp\/v2\/product_brand?post=44465"},{"taxonomy":"product_cat","embeddable":true,"href":"https:\/\/singuli.wpress.me\/index.php\/wp-json\/wp\/v2\/product_cat?post=44465"},{"taxonomy":"product_tag","embeddable":true,"href":"https:\/\/singuli.wpress.me\/index.php\/wp-json\/wp\/v2\/product_tag?post=44465"}],"curies":[{"name":"wp","href":"https:\/\/api.w.org\/{rel}","templated":true}]}}