{"id":44476,"date":"2026-04-20T12:34:47","date_gmt":"2026-04-20T12:34:47","guid":{"rendered":"https:\/\/singuli.wpress.me\/index.php\/proizvod\/bison-doublefix-ljepljiva-traka-transparentna-1-5m\/"},"modified":"2026-04-20T12:34:47","modified_gmt":"2026-04-20T12:34:47","slug":"bison-doublefix-ljepljiva-traka-transparentna-1-5m","status":"publish","type":"product","link":"https:\/\/singuli.wpress.me\/index.php\/proizvod\/bison-doublefix-ljepljiva-traka-transparentna-1-5m\/","title":{"rendered":"BISON Doublefix, ljepljiva traka, transparentna , 1.5m"},"content":{"rendered":"<p>Iznimno sna\u017ena obostrano ljepljiva traka za trajno lijepljenje i pri\u010dvr\u0161\u0107ivanje predmeta u unutarnjim prostorima. Jednostavna alternativa vijcima i \u010davlima. Pru\u017ea trajni spoj na gotovo svim glatkim povr\u0161inama, npr. metal, plo\u010dice, plastika, staklo i obojeno drvo. Idealno za montiranje ogledala, dr\u017ea\u010da, natpisa, kuka, elemenata regala, kabelskih kanala, ukrasnih predmeta, ukrasnih profila i jo\u0161 mnogo toga. Potpuno nosivo nakon 60 minuta. Otporno na vlagu.<\/p>\n","protected":false},"excerpt":{"rendered":"<p>Za glatke povr\u0161ine<br \/>\nZa unutarnje prostore<br \/>\nOtporno na vlagu<\/p>\n","protected":false},"featured_media":44477,"template":"","meta":{"_seopress_robots_primary_cat":"","_seopress_titles_title":"","_seopress_titles_desc":"","_seopress_robots_index":"","iawp_total_views":0},"product_brand":[494],"product_cat":[264,238],"product_tag":[],"class_list":{"0":"post-44476","1":"product","2":"type-product","3":"status-publish","4":"has-post-thumbnail","6":"product_brand-bison","7":"product_cat-ljepila-i-brtvila-238","8":"product_cat-sve-za-dom","10":"first","11":"outofstock","12":"shipping-taxable","13":"purchasable","14":"product-type-simple"},"_links":{"self":[{"href":"https:\/\/singuli.wpress.me\/index.php\/wp-json\/wp\/v2\/product\/44476","targetHints":{"allow":["GET"]}}],"collection":[{"href":"https:\/\/singuli.wpress.me\/index.php\/wp-json\/wp\/v2\/product"}],"about":[{"href":"https:\/\/singuli.wpress.me\/index.php\/wp-json\/wp\/v2\/types\/product"}],"version-history":[{"count":0,"href":"https:\/\/singuli.wpress.me\/index.php\/wp-json\/wp\/v2\/product\/44476\/revisions"}],"wp:featuredmedia":[{"embeddable":true,"href":"https:\/\/singuli.wpress.me\/index.php\/wp-json\/wp\/v2\/media\/44477"}],"wp:attachment":[{"href":"https:\/\/singuli.wpress.me\/index.php\/wp-json\/wp\/v2\/media?parent=44476"}],"wp:term":[{"taxonomy":"product_brand","embeddable":true,"href":"https:\/\/singuli.wpress.me\/index.php\/wp-json\/wp\/v2\/product_brand?post=44476"},{"taxonomy":"product_cat","embeddable":true,"href":"https:\/\/singuli.wpress.me\/index.php\/wp-json\/wp\/v2\/product_cat?post=44476"},{"taxonomy":"product_tag","embeddable":true,"href":"https:\/\/singuli.wpress.me\/index.php\/wp-json\/wp\/v2\/product_tag?post=44476"}],"curies":[{"name":"wp","href":"https:\/\/api.w.org\/{rel}","templated":true}]}}