{"id":44478,"date":"2026-04-20T12:34:48","date_gmt":"2026-04-20T12:34:48","guid":{"rendered":"https:\/\/singuli.wpress.me\/index.php\/proizvod\/domo-do1027go-pecnica-mini\/"},"modified":"2026-04-20T12:34:48","modified_gmt":"2026-04-20T12:34:48","slug":"domo-do1027go-pecnica-mini","status":"publish","type":"product","link":"https:\/\/singuli.wpress.me\/index.php\/proizvod\/domo-do1027go-pecnica-mini\/","title":{"rendered":"DOMO DO1027GO, pe\u0107nica,  Mini"},"content":{"rendered":"<p>Domo pe\u0107nica ima kapacitet od 28 litara i savr\u0161eno se uklapa u male kuhinje. Ima gornju i donju grijanje, temperaturu je mogu\u0107e podesiti od 70 &#8211; 230 stupnjeva i ima tajmer koji ide do 120 minuta. Uz pe\u0107nicu mo\u017eete pe\u0107i pizzu, kruh, kola\u010de, lazanje i jo\u0161 mnogo toga. pripremiti.<\/p>\n","protected":false},"excerpt":{"rendered":"<p>Posti\u017ee maksimalnu temperaturu za 5 min<br \/>\nVisokokvalitetni grija\u0107i element<br \/>\nUklju\u010duje re\u0161etku za ro\u0161tilj, lim za pe\u010denje, ru\u010dku, pleh za mrvice i ra\u017eanj za pe\u010denje s ru\u010dkom<\/p>\n","protected":false},"featured_media":44479,"template":"","meta":{"_seopress_robots_primary_cat":"","_seopress_titles_title":"","_seopress_titles_desc":"","_seopress_robots_index":"","iawp_total_views":0},"product_brand":[255],"product_cat":[192,267],"product_tag":[],"class_list":{"0":"post-44478","1":"product","2":"type-product","3":"status-publish","4":"has-post-thumbnail","6":"product_brand-domo","7":"product_cat-aparati-za-osobnu-njegu","8":"product_cat-zdravstveni-uredaji-192","10":"first","11":"outofstock","12":"shipping-taxable","13":"purchasable","14":"product-type-simple"},"_links":{"self":[{"href":"https:\/\/singuli.wpress.me\/index.php\/wp-json\/wp\/v2\/product\/44478","targetHints":{"allow":["GET"]}}],"collection":[{"href":"https:\/\/singuli.wpress.me\/index.php\/wp-json\/wp\/v2\/product"}],"about":[{"href":"https:\/\/singuli.wpress.me\/index.php\/wp-json\/wp\/v2\/types\/product"}],"version-history":[{"count":0,"href":"https:\/\/singuli.wpress.me\/index.php\/wp-json\/wp\/v2\/product\/44478\/revisions"}],"wp:featuredmedia":[{"embeddable":true,"href":"https:\/\/singuli.wpress.me\/index.php\/wp-json\/wp\/v2\/media\/44479"}],"wp:attachment":[{"href":"https:\/\/singuli.wpress.me\/index.php\/wp-json\/wp\/v2\/media?parent=44478"}],"wp:term":[{"taxonomy":"product_brand","embeddable":true,"href":"https:\/\/singuli.wpress.me\/index.php\/wp-json\/wp\/v2\/product_brand?post=44478"},{"taxonomy":"product_cat","embeddable":true,"href":"https:\/\/singuli.wpress.me\/index.php\/wp-json\/wp\/v2\/product_cat?post=44478"},{"taxonomy":"product_tag","embeddable":true,"href":"https:\/\/singuli.wpress.me\/index.php\/wp-json\/wp\/v2\/product_tag?post=44478"}],"curies":[{"name":"wp","href":"https:\/\/api.w.org\/{rel}","templated":true}]}}