{"id":44485,"date":"2026-04-20T12:34:51","date_gmt":"2026-04-20T12:34:51","guid":{"rendered":"https:\/\/singuli.wpress.me\/index.php\/proizvod\/domo-do518go-pecnica-mini\/"},"modified":"2026-04-21T00:27:27","modified_gmt":"2026-04-21T00:27:27","slug":"domo-do518go-pecnica-mini","status":"publish","type":"product","link":"https:\/\/singuli.wpress.me\/index.php\/proizvod\/domo-do518go-pecnica-mini\/","title":{"rendered":"DOMO DO518GO, pe\u0107nica,  Mini"},"content":{"rendered":"<p>U\u017eivajte u ukusnom doma\u0107em kola\u010du ili pizzi napravljenoj u DOMO vi\u0161enamjenskoj pe\u0107nici DO518GO. Pe\u0107nica ima kapacitet od 38 L te grije odozgo, odozdo, i odozgo i odozdo istovremeno, kao i samo toplim zrakom. Postavite \u017eeljeni na\u010din rada, temperaturu i timer jednostavnim okretanjem gumba. Stavite lim za pe\u010denje ili re\u0161etku za pe\u010denje u pe\u0107nicu na jednu od tri razine ovisno o jelu koje pripremate. Vanjski dio pe\u0107nice se ne zagrijava zahvaljuju\u0107i ku\u0107i\u0161tu otpornom na toplinu.<\/p>\n","protected":false},"excerpt":{"rendered":"<p>Kontrola temperature: 30-250\u00b0C<br \/>\nGrija\u0107i element visoke kvalitete<br \/>\nDosti\u017ee maksimalnu temperaturu za 5 minuta<\/p>\n","protected":false},"featured_media":44486,"template":"","meta":{"_seopress_robots_primary_cat":"","_seopress_titles_title":"","_seopress_titles_desc":"","_seopress_robots_index":"","iawp_total_views":0},"product_brand":[255],"product_cat":[192,267],"product_tag":[],"class_list":{"0":"post-44485","1":"product","2":"type-product","3":"status-publish","4":"has-post-thumbnail","6":"product_brand-domo","7":"product_cat-aparati-za-osobnu-njegu","8":"product_cat-zdravstveni-uredaji-192","10":"first","11":"outofstock","12":"shipping-taxable","13":"purchasable","14":"product-type-simple"},"_links":{"self":[{"href":"https:\/\/singuli.wpress.me\/index.php\/wp-json\/wp\/v2\/product\/44485","targetHints":{"allow":["GET"]}}],"collection":[{"href":"https:\/\/singuli.wpress.me\/index.php\/wp-json\/wp\/v2\/product"}],"about":[{"href":"https:\/\/singuli.wpress.me\/index.php\/wp-json\/wp\/v2\/types\/product"}],"version-history":[{"count":0,"href":"https:\/\/singuli.wpress.me\/index.php\/wp-json\/wp\/v2\/product\/44485\/revisions"}],"wp:featuredmedia":[{"embeddable":true,"href":"https:\/\/singuli.wpress.me\/index.php\/wp-json\/wp\/v2\/media\/44486"}],"wp:attachment":[{"href":"https:\/\/singuli.wpress.me\/index.php\/wp-json\/wp\/v2\/media?parent=44485"}],"wp:term":[{"taxonomy":"product_brand","embeddable":true,"href":"https:\/\/singuli.wpress.me\/index.php\/wp-json\/wp\/v2\/product_brand?post=44485"},{"taxonomy":"product_cat","embeddable":true,"href":"https:\/\/singuli.wpress.me\/index.php\/wp-json\/wp\/v2\/product_cat?post=44485"},{"taxonomy":"product_tag","embeddable":true,"href":"https:\/\/singuli.wpress.me\/index.php\/wp-json\/wp\/v2\/product_tag?post=44485"}],"curies":[{"name":"wp","href":"https:\/\/api.w.org\/{rel}","templated":true}]}}