{"id":44494,"date":"2026-04-20T12:34:55","date_gmt":"2026-04-20T12:34:55","guid":{"rendered":"https:\/\/singuli.wpress.me\/index.php\/proizvod\/domo-do310kp-prijenosna-ploca-za-kuhanje-dvostuka\/"},"modified":"2026-04-20T12:34:55","modified_gmt":"2026-04-20T12:34:55","slug":"domo-do310kp-prijenosna-ploca-za-kuhanje-dvostuka","status":"publish","type":"product","link":"https:\/\/singuli.wpress.me\/index.php\/proizvod\/domo-do310kp-prijenosna-ploca-za-kuhanje-dvostuka\/","title":{"rendered":"DOMO DO310KP, prijenosna plo\u010da za kuhanje,  dvostuka"},"content":{"rendered":"<p>DOMO prijenosna plo\u010da za kuhanje DO310KP ima 2 visokokvalitetne plo\u010de za kuhanje od lijevanog \u017eeljeza. Dvije plo\u010de imaju promjer 15,5 cm i 18,5 cm. Podesivi termostat osigurava savr\u0161eno kuhanje. Grijanje mo\u017eete postaviti na \u0161est razli\u010ditih postavki. Na najvi\u0161oj postavci mo\u017eete prokuhati 1 litru vode u samo 10 minuta. Pripremite ukusan obrok u tren oka.<\/p>\n","protected":false},"excerpt":{"rendered":"<p>Plo\u010da za kuhanje s 2 plo\u010de<br \/>\nS podesivim termostatom sa 6 postavki<br \/>\nRu\u010dke otporne na toplinu<\/p>\n","protected":false},"featured_media":44495,"template":"","meta":{"_seopress_robots_primary_cat":"","_seopress_titles_title":"","_seopress_titles_desc":"","_seopress_robots_index":"","iawp_total_views":0},"product_brand":[255],"product_cat":[192,267],"product_tag":[],"class_list":{"0":"post-44494","1":"product","2":"type-product","3":"status-publish","4":"has-post-thumbnail","6":"product_brand-domo","7":"product_cat-aparati-za-osobnu-njegu","8":"product_cat-zdravstveni-uredaji-192","10":"first","11":"instock","12":"shipping-taxable","13":"purchasable","14":"product-type-simple"},"_links":{"self":[{"href":"https:\/\/singuli.wpress.me\/index.php\/wp-json\/wp\/v2\/product\/44494","targetHints":{"allow":["GET"]}}],"collection":[{"href":"https:\/\/singuli.wpress.me\/index.php\/wp-json\/wp\/v2\/product"}],"about":[{"href":"https:\/\/singuli.wpress.me\/index.php\/wp-json\/wp\/v2\/types\/product"}],"version-history":[{"count":0,"href":"https:\/\/singuli.wpress.me\/index.php\/wp-json\/wp\/v2\/product\/44494\/revisions"}],"wp:featuredmedia":[{"embeddable":true,"href":"https:\/\/singuli.wpress.me\/index.php\/wp-json\/wp\/v2\/media\/44495"}],"wp:attachment":[{"href":"https:\/\/singuli.wpress.me\/index.php\/wp-json\/wp\/v2\/media?parent=44494"}],"wp:term":[{"taxonomy":"product_brand","embeddable":true,"href":"https:\/\/singuli.wpress.me\/index.php\/wp-json\/wp\/v2\/product_brand?post=44494"},{"taxonomy":"product_cat","embeddable":true,"href":"https:\/\/singuli.wpress.me\/index.php\/wp-json\/wp\/v2\/product_cat?post=44494"},{"taxonomy":"product_tag","embeddable":true,"href":"https:\/\/singuli.wpress.me\/index.php\/wp-json\/wp\/v2\/product_tag?post=44494"}],"curies":[{"name":"wp","href":"https:\/\/api.w.org\/{rel}","templated":true}]}}