{"id":44500,"date":"2026-04-20T12:34:57","date_gmt":"2026-04-20T12:34:57","guid":{"rendered":"https:\/\/singuli.wpress.me\/index.php\/proizvod\/pampers-fresh-clean-vlazne-maramice-52-kom\/"},"modified":"2026-04-20T12:34:57","modified_gmt":"2026-04-20T12:34:57","slug":"pampers-fresh-clean-vlazne-maramice-52-kom","status":"publish","type":"product","link":"https:\/\/singuli.wpress.me\/index.php\/proizvod\/pampers-fresh-clean-vlazne-maramice-52-kom\/","title":{"rendered":"PAMPERS Fresh Clean, vla\u017ene maramice, 52\u00a0kom"},"content":{"rendered":"<p>Svako na\u0161e malo zlato zaslu\u017euje da mu poka\u017eete koliko ga volite nje\u017enim \u010di\u0161\u0107enjem ko\u017ee.<\/p>\n<p>Zato vla\u017ene dje\u010dje maramice Pampers Baby Fresh Clean kombiniraju uravnote\u017eenu vla\u017enost, koja ostavlja ko\u017eu osjetno \u010di\u0161\u0107om, te pritom poma\u017ee sa\u010duvati prirodnu pH ravnote\u017eu s Pampersovom jedinstvenom teksturom SoftGrip, koja nje\u017eno uklanja ostatke kakice u tren oka.<\/p>\n<p>Ove maramice tako\u0111er pru\u017eaju osvje\u017eavaju\u0107 miris za \u0161to ugodnije mijenjanje pelena.<\/p>\n<p>Kada su vam pri ruci vla\u017ene maramice Pampers Fresh Clean, va\u0161e maleno mo\u017ee se unerediti do mile volje.<\/p>\n","protected":false},"excerpt":{"rendered":"<p>Nje\u017eno \u010di\u0161\u0107enje bez mirisa<br \/>\nPoma\u017eu obnoviti prirodnu pH ravnote\u017eu ko\u017ee<br \/>\nDermatolo\u0161ki testirane<\/p>\n","protected":false},"featured_media":44501,"template":"","meta":{"_seopress_robots_primary_cat":"","_seopress_titles_title":"","_seopress_titles_desc":"","_seopress_robots_index":"","iawp_total_views":0},"product_brand":[444],"product_cat":[268,278],"product_tag":[],"class_list":{"0":"post-44500","1":"product","2":"type-product","3":"status-publish","4":"has-post-thumbnail","6":"product_brand-pampers","7":"product_cat-kozmetika-2","8":"product_cat-njega-tijela-268","10":"first","11":"instock","12":"shipping-taxable","13":"purchasable","14":"product-type-simple"},"_links":{"self":[{"href":"https:\/\/singuli.wpress.me\/index.php\/wp-json\/wp\/v2\/product\/44500","targetHints":{"allow":["GET"]}}],"collection":[{"href":"https:\/\/singuli.wpress.me\/index.php\/wp-json\/wp\/v2\/product"}],"about":[{"href":"https:\/\/singuli.wpress.me\/index.php\/wp-json\/wp\/v2\/types\/product"}],"version-history":[{"count":0,"href":"https:\/\/singuli.wpress.me\/index.php\/wp-json\/wp\/v2\/product\/44500\/revisions"}],"wp:featuredmedia":[{"embeddable":true,"href":"https:\/\/singuli.wpress.me\/index.php\/wp-json\/wp\/v2\/media\/44501"}],"wp:attachment":[{"href":"https:\/\/singuli.wpress.me\/index.php\/wp-json\/wp\/v2\/media?parent=44500"}],"wp:term":[{"taxonomy":"product_brand","embeddable":true,"href":"https:\/\/singuli.wpress.me\/index.php\/wp-json\/wp\/v2\/product_brand?post=44500"},{"taxonomy":"product_cat","embeddable":true,"href":"https:\/\/singuli.wpress.me\/index.php\/wp-json\/wp\/v2\/product_cat?post=44500"},{"taxonomy":"product_tag","embeddable":true,"href":"https:\/\/singuli.wpress.me\/index.php\/wp-json\/wp\/v2\/product_tag?post=44500"}],"curies":[{"name":"wp","href":"https:\/\/api.w.org\/{rel}","templated":true}]}}