{"id":44502,"date":"2026-04-20T12:34:58","date_gmt":"2026-04-20T12:34:58","guid":{"rendered":"https:\/\/singuli.wpress.me\/index.php\/proizvod\/lavazza-ugostiteljski-secer-smedi-2000x4g\/"},"modified":"2026-04-21T00:27:27","modified_gmt":"2026-04-21T00:27:27","slug":"lavazza-ugostiteljski-secer-smedi-2000x4g","status":"publish","type":"product","link":"https:\/\/singuli.wpress.me\/index.php\/proizvod\/lavazza-ugostiteljski-secer-smedi-2000x4g\/","title":{"rendered":"LAVAZZA, ugostiteljski \u0161e\u0107er, sme\u0111i, 2000x4g"},"content":{"rendered":"<p>Sme\u0111i ugostiteljski \u0161e\u0107er, pakiranje 2000komx4g<\/p>\n","protected":false},"excerpt":{"rendered":"<p>Ugostiteljski \u0161e\u0107er<br \/>\nSme\u0111i \u0161e\u0107er<br \/>\nPakiranje 2000komx4g<\/p>\n","protected":false},"featured_media":44503,"template":"","meta":{"_seopress_robots_primary_cat":"","_seopress_titles_title":"","_seopress_titles_desc":"","_seopress_robots_index":"","iawp_total_views":0},"product_brand":[393],"product_cat":[261,270],"product_tag":[],"class_list":{"0":"post-44502","1":"product","2":"type-product","3":"status-publish","4":"has-post-thumbnail","6":"product_brand-lavazza","7":"product_cat-hrana-i-pice","8":"product_cat-slasticarstvo-261","10":"first","11":"instock","12":"shipping-taxable","13":"purchasable","14":"product-type-simple"},"_links":{"self":[{"href":"https:\/\/singuli.wpress.me\/index.php\/wp-json\/wp\/v2\/product\/44502","targetHints":{"allow":["GET"]}}],"collection":[{"href":"https:\/\/singuli.wpress.me\/index.php\/wp-json\/wp\/v2\/product"}],"about":[{"href":"https:\/\/singuli.wpress.me\/index.php\/wp-json\/wp\/v2\/types\/product"}],"version-history":[{"count":0,"href":"https:\/\/singuli.wpress.me\/index.php\/wp-json\/wp\/v2\/product\/44502\/revisions"}],"wp:featuredmedia":[{"embeddable":true,"href":"https:\/\/singuli.wpress.me\/index.php\/wp-json\/wp\/v2\/media\/44503"}],"wp:attachment":[{"href":"https:\/\/singuli.wpress.me\/index.php\/wp-json\/wp\/v2\/media?parent=44502"}],"wp:term":[{"taxonomy":"product_brand","embeddable":true,"href":"https:\/\/singuli.wpress.me\/index.php\/wp-json\/wp\/v2\/product_brand?post=44502"},{"taxonomy":"product_cat","embeddable":true,"href":"https:\/\/singuli.wpress.me\/index.php\/wp-json\/wp\/v2\/product_cat?post=44502"},{"taxonomy":"product_tag","embeddable":true,"href":"https:\/\/singuli.wpress.me\/index.php\/wp-json\/wp\/v2\/product_tag?post=44502"}],"curies":[{"name":"wp","href":"https:\/\/api.w.org\/{rel}","templated":true}]}}