{"id":44508,"date":"2026-04-20T12:34:59","date_gmt":"2026-04-20T12:34:59","guid":{"rendered":"https:\/\/singuli.wpress.me\/index.php\/proizvod\/domo-do156a-hladnjak-zraka\/"},"modified":"2026-04-20T12:34:59","modified_gmt":"2026-04-20T12:34:59","slug":"domo-do156a-hladnjak-zraka","status":"publish","type":"product","link":"https:\/\/singuli.wpress.me\/index.php\/proizvod\/domo-do156a-hladnjak-zraka\/","title":{"rendered":"DOMO DO156A, hladnjak zraka"},"content":{"rendered":"<p>Ohladite svoj dom s Domo DO156A hladnjakom zraka. DO156A ima vi\u0161enamjensku funkciju, naime kao hladnjak zraka, ventilator i ovla\u017eiva\u010d zraka. Osciliraju\u0107a funkcija osigurava da se hladan zrak distribuira po prostoriji. Prilo\u017eeni kota\u010di\u0107i i ru\u010dka omogu\u0107uju jednostavno premje\u0161tanje hladnjaka zraka.<\/p>\n","protected":false},"excerpt":{"rendered":"<p>Vi\u0161enamjenski ure\u0111aj: hladnjak zraka, ventilator i ovla\u017eiva\u010d<br \/>\nVisoka u\u010dinkovitost hla\u0111enja zahvaljuju\u0107i sa\u0107astoj rashladnoj membrani<br \/>\nPrilo\u017eeni kota\u010di i ru\u010dka olak\u0161avaju pomicanje hladnjaka zraka<\/p>\n","protected":false},"featured_media":44509,"template":"","meta":{"_seopress_robots_primary_cat":"","_seopress_titles_title":"","_seopress_titles_desc":"","_seopress_robots_index":"","iawp_total_views":0},"product_brand":[255],"product_cat":[192,267],"product_tag":[],"class_list":{"0":"post-44508","1":"product","2":"type-product","3":"status-publish","4":"has-post-thumbnail","6":"product_brand-domo","7":"product_cat-aparati-za-osobnu-njegu","8":"product_cat-zdravstveni-uredaji-192","10":"first","11":"outofstock","12":"shipping-taxable","13":"purchasable","14":"product-type-simple"},"_links":{"self":[{"href":"https:\/\/singuli.wpress.me\/index.php\/wp-json\/wp\/v2\/product\/44508","targetHints":{"allow":["GET"]}}],"collection":[{"href":"https:\/\/singuli.wpress.me\/index.php\/wp-json\/wp\/v2\/product"}],"about":[{"href":"https:\/\/singuli.wpress.me\/index.php\/wp-json\/wp\/v2\/types\/product"}],"version-history":[{"count":0,"href":"https:\/\/singuli.wpress.me\/index.php\/wp-json\/wp\/v2\/product\/44508\/revisions"}],"wp:featuredmedia":[{"embeddable":true,"href":"https:\/\/singuli.wpress.me\/index.php\/wp-json\/wp\/v2\/media\/44509"}],"wp:attachment":[{"href":"https:\/\/singuli.wpress.me\/index.php\/wp-json\/wp\/v2\/media?parent=44508"}],"wp:term":[{"taxonomy":"product_brand","embeddable":true,"href":"https:\/\/singuli.wpress.me\/index.php\/wp-json\/wp\/v2\/product_brand?post=44508"},{"taxonomy":"product_cat","embeddable":true,"href":"https:\/\/singuli.wpress.me\/index.php\/wp-json\/wp\/v2\/product_cat?post=44508"},{"taxonomy":"product_tag","embeddable":true,"href":"https:\/\/singuli.wpress.me\/index.php\/wp-json\/wp\/v2\/product_tag?post=44508"}],"curies":[{"name":"wp","href":"https:\/\/api.w.org\/{rel}","templated":true}]}}