{"id":44517,"date":"2026-04-20T12:35:01","date_gmt":"2026-04-20T12:35:01","guid":{"rendered":"https:\/\/singuli.wpress.me\/index.php\/proizvod\/dash-salva-colore-tekuci-deterdzent-za-pranje-rublja-3-2l-66-pranja\/"},"modified":"2026-04-20T12:35:01","modified_gmt":"2026-04-20T12:35:01","slug":"dash-salva-colore-tekuci-deterdzent-za-pranje-rublja-3-2l-66-pranja","status":"publish","type":"product","link":"https:\/\/singuli.wpress.me\/index.php\/proizvod\/dash-salva-colore-tekuci-deterdzent-za-pranje-rublja-3-2l-66-pranja\/","title":{"rendered":"DASH Salva Colore, teku\u0107i deterd\u017eent za pranje rublja, 3.2l, 66\u00a0pranja"},"content":{"rendered":"<p>Teku\u0107i deterd\u017eent Dash Color idealan je za \u0161areno rublje. Njegovo djelovanje poma\u017ee sa\u010duvati blistavost boja koje bi ina\u010de izblijedjele tijekom vremena. <\/p>\n<p>Osobito je u\u010dinkovit za tretiranje tvrdokornih mrlja prije pranja tako da nanesete deterd\u017eent izravno na svaku mrlju i za ru\u010dno pranje i programe brzog pranja jer se brzo otapa \u010dak i na temperaturi vode od 30 \u00b0C. <\/p>\n<p>Zahvaljuju\u0107i svojoj formuli sa sna\u017enim aktivnim tvarima za \u010di\u0161\u0107enje, teku\u0107i deterd\u017eent Dash za \u0161areno rublje prodire u tkanine kako bi uklonio \u010dak i najtvrdokorniju prljav\u0161tinu i mrlje. <\/p>\n<p>Za najbolje rezultate \u010dep za tretiranje mrlja stavite u perilicu s teku\u0107im deterd\u017eentom. <\/p>\n","protected":false},"excerpt":{"rendered":"<p>\u010cuva boje va\u0161eg \u0161arenog rublja<br \/>\nU\u010dinkovit \u010dak i pri niskim temperaturama<br \/>\nNastao jedinstvenom kombinacijom mo\u0107nih aktivnih tvari<\/p>\n","protected":false},"featured_media":44518,"template":"","meta":{"_seopress_robots_primary_cat":"","_seopress_titles_title":"","_seopress_titles_desc":"","_seopress_robots_index":"","iawp_total_views":0},"product_brand":[762],"product_cat":[283,238],"product_tag":[],"class_list":{"0":"post-44517","1":"product","2":"type-product","3":"status-publish","4":"has-post-thumbnail","6":"product_brand-dash","7":"product_cat-pranje-rublja-238","8":"product_cat-sve-za-dom","10":"first","11":"outofstock","12":"shipping-taxable","13":"purchasable","14":"product-type-simple"},"_links":{"self":[{"href":"https:\/\/singuli.wpress.me\/index.php\/wp-json\/wp\/v2\/product\/44517","targetHints":{"allow":["GET"]}}],"collection":[{"href":"https:\/\/singuli.wpress.me\/index.php\/wp-json\/wp\/v2\/product"}],"about":[{"href":"https:\/\/singuli.wpress.me\/index.php\/wp-json\/wp\/v2\/types\/product"}],"version-history":[{"count":0,"href":"https:\/\/singuli.wpress.me\/index.php\/wp-json\/wp\/v2\/product\/44517\/revisions"}],"wp:featuredmedia":[{"embeddable":true,"href":"https:\/\/singuli.wpress.me\/index.php\/wp-json\/wp\/v2\/media\/44518"}],"wp:attachment":[{"href":"https:\/\/singuli.wpress.me\/index.php\/wp-json\/wp\/v2\/media?parent=44517"}],"wp:term":[{"taxonomy":"product_brand","embeddable":true,"href":"https:\/\/singuli.wpress.me\/index.php\/wp-json\/wp\/v2\/product_brand?post=44517"},{"taxonomy":"product_cat","embeddable":true,"href":"https:\/\/singuli.wpress.me\/index.php\/wp-json\/wp\/v2\/product_cat?post=44517"},{"taxonomy":"product_tag","embeddable":true,"href":"https:\/\/singuli.wpress.me\/index.php\/wp-json\/wp\/v2\/product_tag?post=44517"}],"curies":[{"name":"wp","href":"https:\/\/api.w.org\/{rel}","templated":true}]}}