{"id":44520,"date":"2026-04-20T12:35:05","date_gmt":"2026-04-20T12:35:05","guid":{"rendered":"https:\/\/singuli.wpress.me\/index.php\/proizvod\/green-cola-gazirano-bezalkoholno-pice-6x1-5l\/"},"modified":"2026-04-20T12:35:05","modified_gmt":"2026-04-20T12:35:05","slug":"green-cola-gazirano-bezalkoholno-pice-6x1-5l","status":"publish","type":"product","link":"https:\/\/singuli.wpress.me\/index.php\/proizvod\/green-cola-gazirano-bezalkoholno-pice-6x1-5l\/","title":{"rendered":"GREEN Cola, gazirano bezalkoholno pi\u0107e, 6&#215;1.5l"},"content":{"rendered":"<p>Nenadma\u0161iv okus, prirodni kofein iz zelenih zrna kave i prirodno zasla\u0111en stevijom. <\/p>\n","protected":false},"excerpt":{"rendered":"<p>Nenadma\u0161iv okus<br \/>\nPrirodni kofein<br \/>\nPrirodno zasla\u0111eno stevijom<\/p>\n","protected":false},"featured_media":44521,"template":"","meta":{"_seopress_robots_primary_cat":"","_seopress_titles_title":"","_seopress_titles_desc":"","_seopress_robots_index":"","iawp_total_views":0},"product_brand":[399],"product_cat":[261,262],"product_tag":[],"class_list":{"0":"post-44520","1":"product","2":"type-product","3":"status-publish","4":"has-post-thumbnail","6":"product_brand-green","7":"product_cat-hrana-i-pice","8":"product_cat-sokovi-i-napitci-261","10":"first","11":"outofstock","12":"shipping-taxable","13":"purchasable","14":"product-type-simple"},"_links":{"self":[{"href":"https:\/\/singuli.wpress.me\/index.php\/wp-json\/wp\/v2\/product\/44520","targetHints":{"allow":["GET"]}}],"collection":[{"href":"https:\/\/singuli.wpress.me\/index.php\/wp-json\/wp\/v2\/product"}],"about":[{"href":"https:\/\/singuli.wpress.me\/index.php\/wp-json\/wp\/v2\/types\/product"}],"version-history":[{"count":0,"href":"https:\/\/singuli.wpress.me\/index.php\/wp-json\/wp\/v2\/product\/44520\/revisions"}],"wp:featuredmedia":[{"embeddable":true,"href":"https:\/\/singuli.wpress.me\/index.php\/wp-json\/wp\/v2\/media\/44521"}],"wp:attachment":[{"href":"https:\/\/singuli.wpress.me\/index.php\/wp-json\/wp\/v2\/media?parent=44520"}],"wp:term":[{"taxonomy":"product_brand","embeddable":true,"href":"https:\/\/singuli.wpress.me\/index.php\/wp-json\/wp\/v2\/product_brand?post=44520"},{"taxonomy":"product_cat","embeddable":true,"href":"https:\/\/singuli.wpress.me\/index.php\/wp-json\/wp\/v2\/product_cat?post=44520"},{"taxonomy":"product_tag","embeddable":true,"href":"https:\/\/singuli.wpress.me\/index.php\/wp-json\/wp\/v2\/product_tag?post=44520"}],"curies":[{"name":"wp","href":"https:\/\/api.w.org\/{rel}","templated":true}]}}