{"id":44525,"date":"2026-04-20T12:35:06","date_gmt":"2026-04-20T12:35:06","guid":{"rendered":"https:\/\/singuli.wpress.me\/index.php\/proizvod\/old-spice-deep-sea-poklon-paket-skrinjica-stick-50ml-gel-za-tusiranje-250ml-losion-poslije-brijanja-captain-100ml\/"},"modified":"2026-04-20T12:35:06","modified_gmt":"2026-04-20T12:35:06","slug":"old-spice-deep-sea-poklon-paket-skrinjica-stick-50ml-gel-za-tusiranje-250ml-losion-poslije-brijanja-captain-100ml","status":"publish","type":"product","link":"https:\/\/singuli.wpress.me\/index.php\/proizvod\/old-spice-deep-sea-poklon-paket-skrinjica-stick-50ml-gel-za-tusiranje-250ml-losion-poslije-brijanja-captain-100ml\/","title":{"rendered":"OLD SPICE Deep Sea, poklon paket, \u0161krinjica + stick 50ml + gel za tu\u0161iranje 250ml + losion poslije brijanja (Captain) 100ml"},"content":{"rendered":"<p>Miri\u0161i kao mu\u0161karac, \u010dovje\u010de! Nanesi Old Spice Deep Sea i kreni u nove pustolovine. Ovaj stik svje\u017einom morskih dubina pobje\u0111uje neugodne mirise. Njegov supergenijalni miris ne blijedi pa i ti i svi oko tebe mo\u017eete u\u017eivati u tvom dobrom mirisu cijelog dana. \u0160to \u010deka\u0161? Zgrabi Old Spice Deep Sea i u\u0111i u legendu.<\/p>\n","protected":false},"excerpt":{"rendered":"<p>Miri\u0161i kao mu\u0161karac, \u010dovje\u010de! Nanesi Old Spice Deep Sea i kreni u nove pustolovine. Ovaj stik svje\u017einom morskih dubina pobje\u0111uje<\/p>\n","protected":false},"featured_media":44526,"template":"","meta":{"_seopress_robots_primary_cat":"","_seopress_titles_title":"","_seopress_titles_desc":"","_seopress_robots_index":"","iawp_total_views":0},"product_brand":[448],"product_cat":[261,277],"product_tag":[],"class_list":{"0":"post-44525","1":"product","2":"type-product","3":"status-publish","4":"has-post-thumbnail","6":"product_brand-old-spice","7":"product_cat-hrana-i-pice","8":"product_cat-slatkisi-i-grickalice-261","10":"first","11":"outofstock","12":"shipping-taxable","13":"purchasable","14":"product-type-simple"},"_links":{"self":[{"href":"https:\/\/singuli.wpress.me\/index.php\/wp-json\/wp\/v2\/product\/44525","targetHints":{"allow":["GET"]}}],"collection":[{"href":"https:\/\/singuli.wpress.me\/index.php\/wp-json\/wp\/v2\/product"}],"about":[{"href":"https:\/\/singuli.wpress.me\/index.php\/wp-json\/wp\/v2\/types\/product"}],"version-history":[{"count":0,"href":"https:\/\/singuli.wpress.me\/index.php\/wp-json\/wp\/v2\/product\/44525\/revisions"}],"wp:featuredmedia":[{"embeddable":true,"href":"https:\/\/singuli.wpress.me\/index.php\/wp-json\/wp\/v2\/media\/44526"}],"wp:attachment":[{"href":"https:\/\/singuli.wpress.me\/index.php\/wp-json\/wp\/v2\/media?parent=44525"}],"wp:term":[{"taxonomy":"product_brand","embeddable":true,"href":"https:\/\/singuli.wpress.me\/index.php\/wp-json\/wp\/v2\/product_brand?post=44525"},{"taxonomy":"product_cat","embeddable":true,"href":"https:\/\/singuli.wpress.me\/index.php\/wp-json\/wp\/v2\/product_cat?post=44525"},{"taxonomy":"product_tag","embeddable":true,"href":"https:\/\/singuli.wpress.me\/index.php\/wp-json\/wp\/v2\/product_tag?post=44525"}],"curies":[{"name":"wp","href":"https:\/\/api.w.org\/{rel}","templated":true}]}}