{"id":44527,"date":"2026-04-20T12:35:06","date_gmt":"2026-04-20T12:35:06","guid":{"rendered":"https:\/\/singuli.wpress.me\/index.php\/proizvod\/domo-do3100-digitalni-termometar-za-hranu\/"},"modified":"2026-04-20T12:35:06","modified_gmt":"2026-04-20T12:35:06","slug":"domo-do3100-digitalni-termometar-za-hranu","status":"publish","type":"product","link":"https:\/\/singuli.wpress.me\/index.php\/proizvod\/domo-do3100-digitalni-termometar-za-hranu\/","title":{"rendered":"DOMO DO3100, digitalni termometar za hranu"},"content":{"rendered":"<p>Domo DO3100 je visokokvalitetni kuhinjski termometar kojim mo\u017eete jednostavno i precizno izmjeriti temperaturu hrane tijekom kuhanja, pe\u010denja ili pe\u010denja na ro\u0161tilju. Termometar ima veliki i transparentni zaslon koji pokazuje temperaturu u 5 sekundi.<br \/>\nDomo DO3100 kuhinjski termometar ima robusnu sondu od nehr\u0111aju\u0107eg \u010delika koja je otporna na koroziju i jednostavna za \u010di\u0161\u0107enje. Sonda je duga 14 cm i osigurava precizno mjerenje temperature unutar hrane. Termometar tako\u0111er ima zna\u010dajku automatskog isklju\u010divanja radi u\u0161tede energije i produljenja trajanja baterije.<br \/>\nKuhinjski termometar Domo DO3100 vrlo je jednostavan za kori\u0161tenje. Jednostavno umetnite sondu u hranu koju \u017eelite izmjeriti i za nekoliko sekundi na ekranu \u0107ete vidjeti to\u010dnu temperaturu. Termometar je vrlo prakti\u010dan kada pripremate razli\u010dite vrste hrane, kao \u0161to su meso, perad, riba, povr\u0107e i slastice.<\/p>\n","protected":false},"excerpt":{"rendered":"<p>Raspon temperature: od -45\u00b0C do +200\u00b0C<br \/>\nPotpuno nehr\u0111aju\u0107i \u010delik<br \/>\nAutomatsko ga\u0161enje<\/p>\n","protected":false},"featured_media":44528,"template":"","meta":{"_seopress_robots_primary_cat":"","_seopress_titles_title":"","_seopress_titles_desc":"","_seopress_robots_index":"","iawp_total_views":0},"product_brand":[255],"product_cat":[192,267],"product_tag":[],"class_list":{"0":"post-44527","1":"product","2":"type-product","3":"status-publish","4":"has-post-thumbnail","6":"product_brand-domo","7":"product_cat-aparati-za-osobnu-njegu","8":"product_cat-zdravstveni-uredaji-192","10":"first","11":"outofstock","12":"shipping-taxable","13":"purchasable","14":"product-type-simple"},"_links":{"self":[{"href":"https:\/\/singuli.wpress.me\/index.php\/wp-json\/wp\/v2\/product\/44527","targetHints":{"allow":["GET"]}}],"collection":[{"href":"https:\/\/singuli.wpress.me\/index.php\/wp-json\/wp\/v2\/product"}],"about":[{"href":"https:\/\/singuli.wpress.me\/index.php\/wp-json\/wp\/v2\/types\/product"}],"version-history":[{"count":0,"href":"https:\/\/singuli.wpress.me\/index.php\/wp-json\/wp\/v2\/product\/44527\/revisions"}],"wp:featuredmedia":[{"embeddable":true,"href":"https:\/\/singuli.wpress.me\/index.php\/wp-json\/wp\/v2\/media\/44528"}],"wp:attachment":[{"href":"https:\/\/singuli.wpress.me\/index.php\/wp-json\/wp\/v2\/media?parent=44527"}],"wp:term":[{"taxonomy":"product_brand","embeddable":true,"href":"https:\/\/singuli.wpress.me\/index.php\/wp-json\/wp\/v2\/product_brand?post=44527"},{"taxonomy":"product_cat","embeddable":true,"href":"https:\/\/singuli.wpress.me\/index.php\/wp-json\/wp\/v2\/product_cat?post=44527"},{"taxonomy":"product_tag","embeddable":true,"href":"https:\/\/singuli.wpress.me\/index.php\/wp-json\/wp\/v2\/product_tag?post=44527"}],"curies":[{"name":"wp","href":"https:\/\/api.w.org\/{rel}","templated":true}]}}