{"id":44537,"date":"2026-04-20T12:35:13","date_gmt":"2026-04-20T12:35:13","guid":{"rendered":"https:\/\/singuli.wpress.me\/index.php\/proizvod\/corena-s4-r-68-ulje-za-zracne-kompresore-20-l\/"},"modified":"2026-04-20T12:35:13","modified_gmt":"2026-04-20T12:35:13","slug":"corena-s4-r-68-ulje-za-zracne-kompresore-20-l","status":"publish","type":"product","link":"https:\/\/singuli.wpress.me\/index.php\/proizvod\/corena-s4-r-68-ulje-za-zracne-kompresore-20-l\/","title":{"rendered":"CORENA S4 R 68, ulje za zra\u010dne kompresore, 20\u00a0l"},"content":{"rendered":"<p>Napredno sinteti\u010dko ulje za kompresore zraka upotpunjeno jedinstvenim paketom aditiva sna\u017enih performansi. Pru\u017ea najbolje performanse podmazivanja lamelnih i vij\u010danih kompresora zraka. Koristi napredni paket aditiva koji pru\u017ea izvrsnu za\u0161titu i performanse kompresora koji rade s tlakovima preko 25 bara te vi\u0161e od 100\u00b0C temperature ispu\u0161nog zraka uz interval izmjene ulja do \u010dak 12.000 sati. Tako\u0111er prikladno je i kao zamjena za sinteti\u010dka le\u017eajna i cirkulacijska ulja ili ulja za inhibiciju hr\u0111anja i oksidacije. <\/p>\n<p><span style=\"font-weight: bold\">Specifikacija:<\/span> ISO 6743-3:2003(E) L-DAJ<\/p>\n","protected":false},"excerpt":{"rendered":"<p>Sinteti\u010dko ulje za kompresore zraka<br \/>\nPru\u017ea najbolje performanse podmazivanja lamelnih i vij\u010danih kompresora zraka<br \/>\nPrikladno je i kao zamjena za sinteti\u010dka le\u017eajna i cirkulacijska ulja ili ulja za inhibiciju hr\u0111anja i oksidacije<\/p>\n","protected":false},"featured_media":44538,"template":"","meta":{"_seopress_robots_primary_cat":"","_seopress_titles_title":"","_seopress_titles_desc":"","_seopress_robots_index":"","iawp_total_views":0},"product_brand":[461],"product_cat":[243,276],"product_tag":[],"class_list":{"0":"post-44537","1":"product","2":"type-product","3":"status-publish","4":"has-post-thumbnail","6":"product_brand-corena","7":"product_cat-automobili-i-motori","8":"product_cat-industrijska-i-specijalna-ulja-243","10":"first","11":"instock","12":"shipping-taxable","13":"purchasable","14":"product-type-simple"},"_links":{"self":[{"href":"https:\/\/singuli.wpress.me\/index.php\/wp-json\/wp\/v2\/product\/44537","targetHints":{"allow":["GET"]}}],"collection":[{"href":"https:\/\/singuli.wpress.me\/index.php\/wp-json\/wp\/v2\/product"}],"about":[{"href":"https:\/\/singuli.wpress.me\/index.php\/wp-json\/wp\/v2\/types\/product"}],"version-history":[{"count":0,"href":"https:\/\/singuli.wpress.me\/index.php\/wp-json\/wp\/v2\/product\/44537\/revisions"}],"wp:featuredmedia":[{"embeddable":true,"href":"https:\/\/singuli.wpress.me\/index.php\/wp-json\/wp\/v2\/media\/44538"}],"wp:attachment":[{"href":"https:\/\/singuli.wpress.me\/index.php\/wp-json\/wp\/v2\/media?parent=44537"}],"wp:term":[{"taxonomy":"product_brand","embeddable":true,"href":"https:\/\/singuli.wpress.me\/index.php\/wp-json\/wp\/v2\/product_brand?post=44537"},{"taxonomy":"product_cat","embeddable":true,"href":"https:\/\/singuli.wpress.me\/index.php\/wp-json\/wp\/v2\/product_cat?post=44537"},{"taxonomy":"product_tag","embeddable":true,"href":"https:\/\/singuli.wpress.me\/index.php\/wp-json\/wp\/v2\/product_tag?post=44537"}],"curies":[{"name":"wp","href":"https:\/\/api.w.org\/{rel}","templated":true}]}}