{"id":44542,"date":"2026-04-20T12:35:14","date_gmt":"2026-04-20T12:35:14","guid":{"rendered":"https:\/\/singuli.wpress.me\/index.php\/proizvod\/domo-do521s-rezalica-siva\/"},"modified":"2026-04-20T12:35:14","modified_gmt":"2026-04-20T12:35:14","slug":"domo-do521s-rezalica-siva","status":"publish","type":"product","link":"https:\/\/singuli.wpress.me\/index.php\/proizvod\/domo-do521s-rezalica-siva\/","title":{"rendered":"DOMO DO521S, rezalica, siva"},"content":{"rendered":"<p>Izre\u017eite kruh, sir, meso ili drugu hranu s DOMO univerzalnom rezalicom DO521S. O\u0161trica promjera 19 cm je lagano nazubljena i izra\u0111ena od nehr\u0111aju\u0107eg \u010delika. Debljina kri\u0161ki se mo\u017ee podesiti od 1 do 15 mm. Uklonjiva o\u0161trica omogu\u0107uje jednostavno \u010di\u0161\u0107enje \u0161to \u010dini rezalicu jednostavnom za odr\u017eavanje. Stabilnost odr\u017eavaju 4 gumene no\u017eice, sprje\u010davaju\u0107i njeno pomicanje.<\/p>\n","protected":false},"excerpt":{"rendered":"<p>Lako uklonjiva o\u0161trica<br \/>\nPodesiva \u0161irina rezanja (0-15 mm)<br \/>\n4 gumene no\u017eice za stabilnost<\/p>\n","protected":false},"featured_media":44543,"template":"","meta":{"_seopress_robots_primary_cat":"","_seopress_titles_title":"","_seopress_titles_desc":"","_seopress_robots_index":"","iawp_total_views":0},"product_brand":[255],"product_cat":[192,267],"product_tag":[],"class_list":{"0":"post-44542","1":"product","2":"type-product","3":"status-publish","4":"has-post-thumbnail","6":"product_brand-domo","7":"product_cat-aparati-za-osobnu-njegu","8":"product_cat-zdravstveni-uredaji-192","10":"first","11":"outofstock","12":"shipping-taxable","13":"purchasable","14":"product-type-simple"},"_links":{"self":[{"href":"https:\/\/singuli.wpress.me\/index.php\/wp-json\/wp\/v2\/product\/44542","targetHints":{"allow":["GET"]}}],"collection":[{"href":"https:\/\/singuli.wpress.me\/index.php\/wp-json\/wp\/v2\/product"}],"about":[{"href":"https:\/\/singuli.wpress.me\/index.php\/wp-json\/wp\/v2\/types\/product"}],"version-history":[{"count":0,"href":"https:\/\/singuli.wpress.me\/index.php\/wp-json\/wp\/v2\/product\/44542\/revisions"}],"wp:featuredmedia":[{"embeddable":true,"href":"https:\/\/singuli.wpress.me\/index.php\/wp-json\/wp\/v2\/media\/44543"}],"wp:attachment":[{"href":"https:\/\/singuli.wpress.me\/index.php\/wp-json\/wp\/v2\/media?parent=44542"}],"wp:term":[{"taxonomy":"product_brand","embeddable":true,"href":"https:\/\/singuli.wpress.me\/index.php\/wp-json\/wp\/v2\/product_brand?post=44542"},{"taxonomy":"product_cat","embeddable":true,"href":"https:\/\/singuli.wpress.me\/index.php\/wp-json\/wp\/v2\/product_cat?post=44542"},{"taxonomy":"product_tag","embeddable":true,"href":"https:\/\/singuli.wpress.me\/index.php\/wp-json\/wp\/v2\/product_tag?post=44542"}],"curies":[{"name":"wp","href":"https:\/\/api.w.org\/{rel}","templated":true}]}}