{"id":44549,"date":"2026-04-20T12:35:16","date_gmt":"2026-04-20T12:35:16","guid":{"rendered":"https:\/\/singuli.wpress.me\/index.php\/proizvod\/always-large-extra-protect-dnevni-ulosci-26-kom\/"},"modified":"2026-04-21T00:27:27","modified_gmt":"2026-04-21T00:27:27","slug":"always-large-extra-protect-dnevni-ulosci-26-kom","status":"publish","type":"product","link":"https:\/\/singuli.wpress.me\/index.php\/proizvod\/always-large-extra-protect-dnevni-ulosci-26-kom\/","title":{"rendered":"ALWAYS Large Extra Protect, dnevni ulo\u0161ci, 26\u00a0kom"},"content":{"rendered":"<p>Always dailies Large Extra Protect dnevni ulo\u0161ci pru\u017eaju za\u0161titu i svje\u017einu u koju se mo\u017eete pouzdati. Povr\u0161ina dnevnog ulo\u0161ka je ve\u0107a od prosje\u010dne i zbog toga mo\u017ee apsorbirati ve\u0107u koli\u010dinu te\u010dnosti. Zahvaljuju\u0107i zonama bo\u010dne za\u0161tite, imate dodatnu sigurnost od curenja. Mekani gornji sloj \u010dini ga udobnim, \u0161to vam pru\u017ea ve\u0107u udobnost no\u0161enja. Osim toga, zahvaljuju\u0107i tehnologiji neutralizacije mirisa, mo\u017eete se osje\u0107ati svje\u017ee i samopouzdano tokom cijelog dana. Dermatolo\u0161ki je testiran. Za bezbri\u017ene trenutke uz always dailies Large Extra Protect dnevne ulo\u0161ke!<\/p>\n","protected":false},"excerpt":{"rendered":"<p>Produ\u017eena povr\u0161ina za ve\u0107u sigurnost<br \/>\nMekani gornji sloj<br \/>\nPouzdana za\u0161tita od neugodnih mirisa<\/p>\n","protected":false},"featured_media":44550,"template":"","meta":{"_seopress_robots_primary_cat":"","_seopress_titles_title":"","_seopress_titles_desc":"","_seopress_robots_index":"","iawp_total_views":0},"product_brand":[449],"product_cat":[211,288],"product_tag":[],"class_list":{"0":"post-44549","1":"product","2":"type-product","3":"status-publish","4":"has-post-thumbnail","6":"product_brand-always","7":"product_cat-njega-majke-i-djeteta","8":"product_cat-zenska-higijena-211","10":"first","11":"instock","12":"shipping-taxable","13":"purchasable","14":"product-type-simple"},"_links":{"self":[{"href":"https:\/\/singuli.wpress.me\/index.php\/wp-json\/wp\/v2\/product\/44549","targetHints":{"allow":["GET"]}}],"collection":[{"href":"https:\/\/singuli.wpress.me\/index.php\/wp-json\/wp\/v2\/product"}],"about":[{"href":"https:\/\/singuli.wpress.me\/index.php\/wp-json\/wp\/v2\/types\/product"}],"version-history":[{"count":0,"href":"https:\/\/singuli.wpress.me\/index.php\/wp-json\/wp\/v2\/product\/44549\/revisions"}],"wp:featuredmedia":[{"embeddable":true,"href":"https:\/\/singuli.wpress.me\/index.php\/wp-json\/wp\/v2\/media\/44550"}],"wp:attachment":[{"href":"https:\/\/singuli.wpress.me\/index.php\/wp-json\/wp\/v2\/media?parent=44549"}],"wp:term":[{"taxonomy":"product_brand","embeddable":true,"href":"https:\/\/singuli.wpress.me\/index.php\/wp-json\/wp\/v2\/product_brand?post=44549"},{"taxonomy":"product_cat","embeddable":true,"href":"https:\/\/singuli.wpress.me\/index.php\/wp-json\/wp\/v2\/product_cat?post=44549"},{"taxonomy":"product_tag","embeddable":true,"href":"https:\/\/singuli.wpress.me\/index.php\/wp-json\/wp\/v2\/product_tag?post=44549"}],"curies":[{"name":"wp","href":"https:\/\/api.w.org\/{rel}","templated":true}]}}