{"id":44552,"date":"2026-04-20T12:35:17","date_gmt":"2026-04-20T12:35:17","guid":{"rendered":"https:\/\/singuli.wpress.me\/index.php\/proizvod\/domo-do9190g-raclette-rostilj\/"},"modified":"2026-04-20T12:35:17","modified_gmt":"2026-04-20T12:35:17","slug":"domo-do9190g-raclette-rostilj","status":"publish","type":"product","link":"https:\/\/singuli.wpress.me\/index.php\/proizvod\/domo-do9190g-raclette-rostilj\/","title":{"rendered":"DOMO DO9190G Raclette, ro\u0161tilj"},"content":{"rendered":"<p>Domo DO9246G bambusov ro\u0161tilj za raclette je upravo ono \u0161to vam treba. Ne samo da ima jedinstven dizajn, ve\u0107 je i svestran. Ure\u0111aj dolazi s reverzibilnom plo\u010dom za ro\u0161tilj s neprijanjaju\u0107im premazom, podru\u010djem za raclette i dr\u017ea\u010dem za posude za raclette. Mo\u017eete koristiti pojedina\u010dne tave ili XL tave za pr\u017eenje povr\u0107a i krumpira u isto vrijeme. Ure\u0111aj je prikladan za do 8 osoba i zagrijava se brzo zahvaljuju\u0107i kapacitetu od 1200 W.<\/p>\n","protected":false},"excerpt":{"rendered":"<p>Visokokvalitetna grill plo\u010da s neprijanjaju\u0107im slojem<br \/>\nGrija\u0107i element od nehr\u0111aju\u0107eg \u010delika<br \/>\nKombinirani ro\u0161tilj sa poliranim prirodnim kamenom<\/p>\n","protected":false},"featured_media":44553,"template":"","meta":{"_seopress_robots_primary_cat":"","_seopress_titles_title":"","_seopress_titles_desc":"","_seopress_robots_index":"","iawp_total_views":0},"product_brand":[255],"product_cat":[192,267],"product_tag":[],"class_list":{"0":"post-44552","1":"product","2":"type-product","3":"status-publish","4":"has-post-thumbnail","6":"product_brand-domo","7":"product_cat-aparati-za-osobnu-njegu","8":"product_cat-zdravstveni-uredaji-192","10":"first","11":"outofstock","12":"shipping-taxable","13":"purchasable","14":"product-type-simple"},"_links":{"self":[{"href":"https:\/\/singuli.wpress.me\/index.php\/wp-json\/wp\/v2\/product\/44552","targetHints":{"allow":["GET"]}}],"collection":[{"href":"https:\/\/singuli.wpress.me\/index.php\/wp-json\/wp\/v2\/product"}],"about":[{"href":"https:\/\/singuli.wpress.me\/index.php\/wp-json\/wp\/v2\/types\/product"}],"version-history":[{"count":0,"href":"https:\/\/singuli.wpress.me\/index.php\/wp-json\/wp\/v2\/product\/44552\/revisions"}],"wp:featuredmedia":[{"embeddable":true,"href":"https:\/\/singuli.wpress.me\/index.php\/wp-json\/wp\/v2\/media\/44553"}],"wp:attachment":[{"href":"https:\/\/singuli.wpress.me\/index.php\/wp-json\/wp\/v2\/media?parent=44552"}],"wp:term":[{"taxonomy":"product_brand","embeddable":true,"href":"https:\/\/singuli.wpress.me\/index.php\/wp-json\/wp\/v2\/product_brand?post=44552"},{"taxonomy":"product_cat","embeddable":true,"href":"https:\/\/singuli.wpress.me\/index.php\/wp-json\/wp\/v2\/product_cat?post=44552"},{"taxonomy":"product_tag","embeddable":true,"href":"https:\/\/singuli.wpress.me\/index.php\/wp-json\/wp\/v2\/product_tag?post=44552"}],"curies":[{"name":"wp","href":"https:\/\/api.w.org\/{rel}","templated":true}]}}