{"id":44561,"date":"2026-04-20T12:35:21","date_gmt":"2026-04-20T12:35:21","guid":{"rendered":"https:\/\/singuli.wpress.me\/index.php\/proizvod\/pronto-tekucina-za-ciscenje-podova-750-ml-2\/"},"modified":"2026-04-20T12:35:21","modified_gmt":"2026-04-20T12:35:21","slug":"pronto-tekucina-za-ciscenje-podova-750-ml-2","status":"publish","type":"product","link":"https:\/\/singuli.wpress.me\/index.php\/proizvod\/pronto-tekucina-za-ciscenje-podova-750-ml-2\/","title":{"rendered":"PRONTO, teku\u0107ina za \u010di\u0161\u0107enje, podova, 750\u00a0ml"},"content":{"rendered":"<p>Njeguju\u0107a formula Pronto\u00ae teku\u0107ine s uljem badema uklanja prljav\u0161tinu s mat drvenih povr\u0161ina bez ljepljivih tragova uz ugodan miris.<\/p>\n<p>Upute za upotrebu:<br \/>\n1. Ulijte 2 \u010depa Pronto\u00ae teku\u0107ine u 5 litara tople vode. <br \/>\n2. Nanesite na radne povr\u0161ine spu\u017evom ili krpom.<\/p>\n<p> Nema potrebe za ispiranjem ili su\u0161enjem krpom. <\/p>\n<p>Ako ga koristite na osjetljivim povr\u0161inama, prvo isprobajte u\u010dinak na malom, manje vidljivom podru\u010dju. <\/p>\n<p>Ne koristiti nerazrije\u0111eno.<\/p>\n","protected":false},"excerpt":{"rendered":"<p>Za mat drvene povr\u0161ine s uljem badema<br \/>\nUklanja prljav\u0161tinu<br \/>\nKoristiti razrije\u0111eno<\/p>\n","protected":false},"featured_media":44562,"template":"","meta":{"_seopress_robots_primary_cat":"","_seopress_titles_title":"","_seopress_titles_desc":"","_seopress_robots_index":"","iawp_total_views":0},"product_brand":[815],"product_cat":[274,238],"product_tag":[],"class_list":{"0":"post-44561","1":"product","2":"type-product","3":"status-publish","4":"has-post-thumbnail","6":"product_brand-pronto","7":"product_cat-kucanski-pribor-238","8":"product_cat-sve-za-dom","10":"first","11":"instock","12":"shipping-taxable","13":"purchasable","14":"product-type-simple"},"_links":{"self":[{"href":"https:\/\/singuli.wpress.me\/index.php\/wp-json\/wp\/v2\/product\/44561","targetHints":{"allow":["GET"]}}],"collection":[{"href":"https:\/\/singuli.wpress.me\/index.php\/wp-json\/wp\/v2\/product"}],"about":[{"href":"https:\/\/singuli.wpress.me\/index.php\/wp-json\/wp\/v2\/types\/product"}],"version-history":[{"count":0,"href":"https:\/\/singuli.wpress.me\/index.php\/wp-json\/wp\/v2\/product\/44561\/revisions"}],"wp:featuredmedia":[{"embeddable":true,"href":"https:\/\/singuli.wpress.me\/index.php\/wp-json\/wp\/v2\/media\/44562"}],"wp:attachment":[{"href":"https:\/\/singuli.wpress.me\/index.php\/wp-json\/wp\/v2\/media?parent=44561"}],"wp:term":[{"taxonomy":"product_brand","embeddable":true,"href":"https:\/\/singuli.wpress.me\/index.php\/wp-json\/wp\/v2\/product_brand?post=44561"},{"taxonomy":"product_cat","embeddable":true,"href":"https:\/\/singuli.wpress.me\/index.php\/wp-json\/wp\/v2\/product_cat?post=44561"},{"taxonomy":"product_tag","embeddable":true,"href":"https:\/\/singuli.wpress.me\/index.php\/wp-json\/wp\/v2\/product_tag?post=44561"}],"curies":[{"name":"wp","href":"https:\/\/api.w.org\/{rel}","templated":true}]}}