{"id":44566,"date":"2026-04-20T12:35:22","date_gmt":"2026-04-20T12:35:22","guid":{"rendered":"https:\/\/singuli.wpress.me\/index.php\/proizvod\/gadus-s3-v220c-2-visenamjenska-mast-18-kg\/"},"modified":"2026-04-20T12:35:22","modified_gmt":"2026-04-20T12:35:22","slug":"gadus-s3-v220c-2-visenamjenska-mast-18-kg","status":"publish","type":"product","link":"https:\/\/singuli.wpress.me\/index.php\/proizvod\/gadus-s3-v220c-2-visenamjenska-mast-18-kg\/","title":{"rendered":"GADUS S3 V220C 2 , vi\u0161enamjenska mast, 18\u00a0kg"},"content":{"rendered":"<p><p><span style=\"font-weight: bold\">Vrhunske vi\u0161enamjenske masti<\/span> dizajnirane pomo\u0107u mineralnih  ulja visokog indeksa viskoziteta i na bazi litij-kompleks ugu\u0161\u010diva\u010da. Sadr\u017eavaju aditive posljednje tehnologije koji nude izvrsne antioksidacijske i visoko temperaturne performanse uz dodatne aditive koji nude bolju za\u0161titu od tro\u0161enja i korozije. Posebno su prikladne za podmazivanje le\u017eajeva koji rade pri visokim temperaturama i optere\u0107enjima. Pru\u017eaju izvrsnu mehani\u010dku stabilnost \u010dak i u uvjetima vibracija, imaju visoku to\u010dku kaplji\u0161ta, dugi radni vijek pri visokim temperaturama. Koriste se za podmazivanje te\u0161ko optere\u0107enih le\u017eajeva u sljede\u0107im aplikacijama: strojevi za kontinuirano lijevanje, vibracijski transporteri, strojevi u rudnicima, drobilice, razni transporteri, le\u017eajevi automobilskih kota\u010da.<\/p>\n<p><span style=\"font-weight: bold\">Specifikacija: <\/span>ASTM D4950 LB-GC, NLGI sukladno HPM+HL, SEB 18 12 53, MB 267.3<\/p>\n<p><span style=\"font-weight: bold\">Sigurnosno upozorenje:<\/span><\/p>\n<p><img decoding=\"async\" src=\"https:\/\/prod-minio-orbico.nd0.pl\/orbico.ohr\/Piktogrami\/Pozor.png\" alt=\"Pozor\" style=\"max-width: 10%;height: auto\">\n<\/p>\n<p>&#8211; H317 &#8211; Mo\u017ee izazvati alergijsku reakciju na ko\u017ei.<\/p>\n<p>&#8211; H319 &#8211; Uzrokuje jako nadra\u017eivanje oka.<\/p>\n","protected":false},"excerpt":{"rendered":"<p>Vi\u0161enamjenska mast<br \/>\nPrikladno za podmazivanje le\u017eajeva koji rade pri visokim temperaturama i optere\u0107enjima<br \/>\nVisoka to\u010dka kaplji\u0161ta<\/p>\n","protected":false},"featured_media":44567,"template":"","meta":{"_seopress_robots_primary_cat":"","_seopress_titles_title":"","_seopress_titles_desc":"","_seopress_robots_index":"","iawp_total_views":0},"product_brand":[413],"product_cat":[268,278],"product_tag":[],"class_list":{"0":"post-44566","1":"product","2":"type-product","3":"status-publish","4":"has-post-thumbnail","6":"product_brand-gadus","7":"product_cat-kozmetika-2","8":"product_cat-njega-tijela-268","10":"first","11":"instock","12":"shipping-taxable","13":"purchasable","14":"product-type-simple"},"_links":{"self":[{"href":"https:\/\/singuli.wpress.me\/index.php\/wp-json\/wp\/v2\/product\/44566","targetHints":{"allow":["GET"]}}],"collection":[{"href":"https:\/\/singuli.wpress.me\/index.php\/wp-json\/wp\/v2\/product"}],"about":[{"href":"https:\/\/singuli.wpress.me\/index.php\/wp-json\/wp\/v2\/types\/product"}],"version-history":[{"count":0,"href":"https:\/\/singuli.wpress.me\/index.php\/wp-json\/wp\/v2\/product\/44566\/revisions"}],"wp:featuredmedia":[{"embeddable":true,"href":"https:\/\/singuli.wpress.me\/index.php\/wp-json\/wp\/v2\/media\/44567"}],"wp:attachment":[{"href":"https:\/\/singuli.wpress.me\/index.php\/wp-json\/wp\/v2\/media?parent=44566"}],"wp:term":[{"taxonomy":"product_brand","embeddable":true,"href":"https:\/\/singuli.wpress.me\/index.php\/wp-json\/wp\/v2\/product_brand?post=44566"},{"taxonomy":"product_cat","embeddable":true,"href":"https:\/\/singuli.wpress.me\/index.php\/wp-json\/wp\/v2\/product_cat?post=44566"},{"taxonomy":"product_tag","embeddable":true,"href":"https:\/\/singuli.wpress.me\/index.php\/wp-json\/wp\/v2\/product_tag?post=44566"}],"curies":[{"name":"wp","href":"https:\/\/api.w.org\/{rel}","templated":true}]}}