{"id":44568,"date":"2026-04-20T12:35:22","date_gmt":"2026-04-20T12:35:22","guid":{"rendered":"https:\/\/singuli.wpress.me\/index.php\/proizvod\/telemach-start-paket-net2go-unlimited\/"},"modified":"2026-04-21T00:27:27","modified_gmt":"2026-04-21T00:27:27","slug":"telemach-start-paket-net2go-unlimited","status":"publish","type":"product","link":"https:\/\/singuli.wpress.me\/index.php\/proizvod\/telemach-start-paket-net2go-unlimited\/","title":{"rendered":"TELEMACH, start paket, Net2Go Unlimited"},"content":{"rendered":"<p>SIM kartica za kori\u0161tenje mobilnog interneta bez ograni\u010denja tijekom 10 dana.<\/p>\n<p><span style=\"font-weight: bold\">Uklju\u010deno:<\/span><br \/>\nNeograni\u010deni GB<br \/>\nTrajanje 10 dana<br \/>\nKoristiti se na bilo kojoj lokaciji unutar RH<\/p>\n<p>Korisniku je potrebno samo\u00a0staviti SIM karticu u mobilni ure\u0111aj, tablet ili neki drugi ure\u0111aj i\u00a0zapo\u010deti surfanje.<br \/>\nNakon isteka 10 dana, kupnjom bona od 60 kn produ\u017euje se kori\u0161tenje odnosno trajanja sljede\u0107ih 10 dana.<br \/>\nJedinstvena SIM kartica za mobilni internet na HR tr\u017ei\u0161tu!<\/p>\n","protected":false},"excerpt":{"rendered":"<p>Neograni\u010den GB<br \/>\nTrajanje 10 dana<br \/>\nKori\u0161tenje unutar RH<\/p>\n","protected":false},"featured_media":44569,"template":"","meta":{"_seopress_robots_primary_cat":"","_seopress_titles_title":"","_seopress_titles_desc":"","_seopress_robots_index":"","iawp_total_views":0},"product_brand":[476],"product_cat":[274,238],"product_tag":[],"class_list":{"0":"post-44568","1":"product","2":"type-product","3":"status-publish","4":"has-post-thumbnail","6":"product_brand-telemach","7":"product_cat-kucanski-pribor-238","8":"product_cat-sve-za-dom","10":"first","11":"instock","12":"shipping-taxable","13":"purchasable","14":"product-type-simple"},"_links":{"self":[{"href":"https:\/\/singuli.wpress.me\/index.php\/wp-json\/wp\/v2\/product\/44568","targetHints":{"allow":["GET"]}}],"collection":[{"href":"https:\/\/singuli.wpress.me\/index.php\/wp-json\/wp\/v2\/product"}],"about":[{"href":"https:\/\/singuli.wpress.me\/index.php\/wp-json\/wp\/v2\/types\/product"}],"version-history":[{"count":0,"href":"https:\/\/singuli.wpress.me\/index.php\/wp-json\/wp\/v2\/product\/44568\/revisions"}],"wp:featuredmedia":[{"embeddable":true,"href":"https:\/\/singuli.wpress.me\/index.php\/wp-json\/wp\/v2\/media\/44569"}],"wp:attachment":[{"href":"https:\/\/singuli.wpress.me\/index.php\/wp-json\/wp\/v2\/media?parent=44568"}],"wp:term":[{"taxonomy":"product_brand","embeddable":true,"href":"https:\/\/singuli.wpress.me\/index.php\/wp-json\/wp\/v2\/product_brand?post=44568"},{"taxonomy":"product_cat","embeddable":true,"href":"https:\/\/singuli.wpress.me\/index.php\/wp-json\/wp\/v2\/product_cat?post=44568"},{"taxonomy":"product_tag","embeddable":true,"href":"https:\/\/singuli.wpress.me\/index.php\/wp-json\/wp\/v2\/product_tag?post=44568"}],"curies":[{"name":"wp","href":"https:\/\/api.w.org\/{rel}","templated":true}]}}