{"id":44570,"date":"2026-04-20T12:35:23","date_gmt":"2026-04-20T12:35:23","guid":{"rendered":"https:\/\/singuli.wpress.me\/index.php\/proizvod\/domo-do712k-mlinac-za-kavu\/"},"modified":"2026-04-20T12:35:23","modified_gmt":"2026-04-20T12:35:23","slug":"domo-do712k-mlinac-za-kavu","status":"publish","type":"product","link":"https:\/\/singuli.wpress.me\/index.php\/proizvod\/domo-do712k-mlinac-za-kavu\/","title":{"rendered":"DOMO DO712K, mlinac za kavu"},"content":{"rendered":"<p>Domo DO712K elektri\u010dni mlinac za kavu s pomi\u010dnim inox lijevkom za pripremu do 70 g mljevene kave. Mljevenje se odvija o\u0161trim inox no\u017eem koji precizno imitira dno i stijenke posude, tako da se zrna kave usitnjavaju \u0161to to\u010dnije. Odvojivi lijevak mo\u017ee se lako isprazniti i uvijek ga odr\u017eavati \u010distim. Ure\u0111aj se mo\u017ee pokrenuti samo s prozirnim poklopcem, \u0161to ga \u010dini vrlo sigurnim za kori\u0161tenje.<br \/>\nPostavka hrapavosti bru\u0161enja ovisi samo o duljini vremena bru\u0161enja. \u0160to dulje pustite aparat da melje, to \u0107e mljevena kava biti finija. Krupno mljevena kava mo\u017ee se koristiti za pripremu u moka loncima, srednje mljevena kava je pogodna za kafe aparate\/kapaljke, a fino mljevena kava je najprikladnija za automatske espresso aparate. Kavu uvijek meljite svje\u017ee i mljevenje prilagodite svojim \u017eeljama tako da bude prikladno za odre\u0111enu pripremu.<\/p>\n","protected":false},"excerpt":{"rendered":"<p>Za pripremu do 70 g mljevene kave<br \/>\nO\u0161trica od nehr\u0111aju\u0107eg \u010delika<br \/>\nJednostavan za kori\u0161tenje i \u010di\u0161\u0107enje<\/p>\n","protected":false},"featured_media":44571,"template":"","meta":{"_seopress_robots_primary_cat":"","_seopress_titles_title":"","_seopress_titles_desc":"","_seopress_robots_index":"","iawp_total_views":0},"product_brand":[255],"product_cat":[192,267],"product_tag":[],"class_list":{"0":"post-44570","1":"product","2":"type-product","3":"status-publish","4":"has-post-thumbnail","6":"product_brand-domo","7":"product_cat-aparati-za-osobnu-njegu","8":"product_cat-zdravstveni-uredaji-192","10":"first","11":"outofstock","12":"shipping-taxable","13":"purchasable","14":"product-type-simple"},"_links":{"self":[{"href":"https:\/\/singuli.wpress.me\/index.php\/wp-json\/wp\/v2\/product\/44570","targetHints":{"allow":["GET"]}}],"collection":[{"href":"https:\/\/singuli.wpress.me\/index.php\/wp-json\/wp\/v2\/product"}],"about":[{"href":"https:\/\/singuli.wpress.me\/index.php\/wp-json\/wp\/v2\/types\/product"}],"version-history":[{"count":0,"href":"https:\/\/singuli.wpress.me\/index.php\/wp-json\/wp\/v2\/product\/44570\/revisions"}],"wp:featuredmedia":[{"embeddable":true,"href":"https:\/\/singuli.wpress.me\/index.php\/wp-json\/wp\/v2\/media\/44571"}],"wp:attachment":[{"href":"https:\/\/singuli.wpress.me\/index.php\/wp-json\/wp\/v2\/media?parent=44570"}],"wp:term":[{"taxonomy":"product_brand","embeddable":true,"href":"https:\/\/singuli.wpress.me\/index.php\/wp-json\/wp\/v2\/product_brand?post=44570"},{"taxonomy":"product_cat","embeddable":true,"href":"https:\/\/singuli.wpress.me\/index.php\/wp-json\/wp\/v2\/product_cat?post=44570"},{"taxonomy":"product_tag","embeddable":true,"href":"https:\/\/singuli.wpress.me\/index.php\/wp-json\/wp\/v2\/product_tag?post=44570"}],"curies":[{"name":"wp","href":"https:\/\/api.w.org\/{rel}","templated":true}]}}