{"id":44588,"date":"2026-04-20T12:35:30","date_gmt":"2026-04-20T12:35:30","guid":{"rendered":"https:\/\/singuli.wpress.me\/index.php\/proizvod\/domo-do9234em-elektricni-noz\/"},"modified":"2026-04-20T12:35:30","modified_gmt":"2026-04-20T12:35:30","slug":"domo-do9234em-elektricni-noz","status":"publish","type":"product","link":"https:\/\/singuli.wpress.me\/index.php\/proizvod\/domo-do9234em-elektricni-noz\/","title":{"rendered":"DOMO DO9234EM, elektri\u010dni no\u017e"},"content":{"rendered":"<p>\u017delite li bez napora rezati kruh, meso, sir ili \u010dak peciva pritiskom natipku? Elektri\u010dni no\u017e DOMO DO9234EM sve to \u010dini mogu\u0107im. Sna\u017enimotor od 150 W \u010dini ovaj multifunkcionalni kuhinjski no\u017e nezamjenjivim u svakom ku\u0107anstvu. Nazubljena o\u0161trica odnehr\u0111aju\u0107eg \u010delika mo\u017ee se ukloniti radi lak\u0161eg \u010di\u0161\u0107enja. Osim toga,ru\u010dka je dizajnirana za kompaktno spremanje u ladici za pribor za jelo. Jednostavan je za kori\u0161tenje i te\u017ei samo 592 g.<\/p>\n","protected":false},"excerpt":{"rendered":"<p>Tipka za osloba\u0111anje no\u017ea<br \/>\nKompaktan za spremanje, stane u ladicu za pribor za jelo<br \/>\nPogodan i za ljevoruke i za de\u0161njake<\/p>\n","protected":false},"featured_media":44589,"template":"","meta":{"_seopress_robots_primary_cat":"","_seopress_titles_title":"","_seopress_titles_desc":"","_seopress_robots_index":"","iawp_total_views":0},"product_brand":[255],"product_cat":[192,267],"product_tag":[],"class_list":{"0":"post-44588","1":"product","2":"type-product","3":"status-publish","4":"has-post-thumbnail","6":"product_brand-domo","7":"product_cat-aparati-za-osobnu-njegu","8":"product_cat-zdravstveni-uredaji-192","10":"first","11":"outofstock","12":"shipping-taxable","13":"purchasable","14":"product-type-simple"},"_links":{"self":[{"href":"https:\/\/singuli.wpress.me\/index.php\/wp-json\/wp\/v2\/product\/44588","targetHints":{"allow":["GET"]}}],"collection":[{"href":"https:\/\/singuli.wpress.me\/index.php\/wp-json\/wp\/v2\/product"}],"about":[{"href":"https:\/\/singuli.wpress.me\/index.php\/wp-json\/wp\/v2\/types\/product"}],"version-history":[{"count":0,"href":"https:\/\/singuli.wpress.me\/index.php\/wp-json\/wp\/v2\/product\/44588\/revisions"}],"wp:featuredmedia":[{"embeddable":true,"href":"https:\/\/singuli.wpress.me\/index.php\/wp-json\/wp\/v2\/media\/44589"}],"wp:attachment":[{"href":"https:\/\/singuli.wpress.me\/index.php\/wp-json\/wp\/v2\/media?parent=44588"}],"wp:term":[{"taxonomy":"product_brand","embeddable":true,"href":"https:\/\/singuli.wpress.me\/index.php\/wp-json\/wp\/v2\/product_brand?post=44588"},{"taxonomy":"product_cat","embeddable":true,"href":"https:\/\/singuli.wpress.me\/index.php\/wp-json\/wp\/v2\/product_cat?post=44588"},{"taxonomy":"product_tag","embeddable":true,"href":"https:\/\/singuli.wpress.me\/index.php\/wp-json\/wp\/v2\/product_tag?post=44588"}],"curies":[{"name":"wp","href":"https:\/\/api.w.org\/{rel}","templated":true}]}}