{"id":44600,"date":"2026-04-20T12:35:34","date_gmt":"2026-04-20T12:35:34","guid":{"rendered":"https:\/\/singuli.wpress.me\/index.php\/proizvod\/domo-do9227p-aparat-za-palacinke\/"},"modified":"2026-04-20T12:35:34","modified_gmt":"2026-04-20T12:35:34","slug":"domo-do9227p-aparat-za-palacinke","status":"publish","type":"product","link":"https:\/\/singuli.wpress.me\/index.php\/proizvod\/domo-do9227p-aparat-za-palacinke\/","title":{"rendered":"DOMO DO9227P, aparat za pala\u010dinke"},"content":{"rendered":"<p>Domo aparat za pala\u010dinke DO9227P opremljen je s dvije plo\u010de za pe\u010denje &#8211; ravnom plo\u010dom promjera 37,5 cm i plo\u010dom pogodnom za pe\u010denje 5 manjih pala\u010dinki. Povr\u0161ina za pe\u010denje presvu\u010dena je visokokvalitetnim neprijanjaju\u0107im premazom koji osigurava izvrsne rezultate pe\u010denja i jednostavno \u010di\u0161\u0107enje.<\/p>\n<p>Ure\u0111aj ima podesivu temperaturu s indikatorskom lampicom koja vas upozorava kada je tanjur dovoljno topao. Ure\u0111aj sadr\u017ei i lopaticu za raspodjelu mase na lim i dozator za tijesto.<\/p>\n","protected":false},"excerpt":{"rendered":"<p>S dva uklonjiva lima za pe\u010denje<br \/>\nPodesiva temperatura sa svjetlosnim indikatorom<br \/>\nLopatica za okretanje i dozator za tijesto uklju\u010deni<\/p>\n","protected":false},"featured_media":44601,"template":"","meta":{"_seopress_robots_primary_cat":"","_seopress_titles_title":"","_seopress_titles_desc":"","_seopress_robots_index":"","iawp_total_views":0},"product_brand":[255],"product_cat":[266,265,160],"product_tag":[],"class_list":{"0":"post-44600","1":"product","2":"type-product","3":"status-publish","4":"has-post-thumbnail","6":"product_brand-domo","7":"product_cat-aparati-za-kuhanje-265","8":"product_cat-kuhinjski-aparati-160","9":"product_cat-mali-kucanski-aparati","11":"first","12":"outofstock","13":"shipping-taxable","14":"purchasable","15":"product-type-simple"},"_links":{"self":[{"href":"https:\/\/singuli.wpress.me\/index.php\/wp-json\/wp\/v2\/product\/44600","targetHints":{"allow":["GET"]}}],"collection":[{"href":"https:\/\/singuli.wpress.me\/index.php\/wp-json\/wp\/v2\/product"}],"about":[{"href":"https:\/\/singuli.wpress.me\/index.php\/wp-json\/wp\/v2\/types\/product"}],"version-history":[{"count":0,"href":"https:\/\/singuli.wpress.me\/index.php\/wp-json\/wp\/v2\/product\/44600\/revisions"}],"wp:featuredmedia":[{"embeddable":true,"href":"https:\/\/singuli.wpress.me\/index.php\/wp-json\/wp\/v2\/media\/44601"}],"wp:attachment":[{"href":"https:\/\/singuli.wpress.me\/index.php\/wp-json\/wp\/v2\/media?parent=44600"}],"wp:term":[{"taxonomy":"product_brand","embeddable":true,"href":"https:\/\/singuli.wpress.me\/index.php\/wp-json\/wp\/v2\/product_brand?post=44600"},{"taxonomy":"product_cat","embeddable":true,"href":"https:\/\/singuli.wpress.me\/index.php\/wp-json\/wp\/v2\/product_cat?post=44600"},{"taxonomy":"product_tag","embeddable":true,"href":"https:\/\/singuli.wpress.me\/index.php\/wp-json\/wp\/v2\/product_tag?post=44600"}],"curies":[{"name":"wp","href":"https:\/\/api.w.org\/{rel}","templated":true}]}}