{"id":44607,"date":"2026-04-20T12:35:36","date_gmt":"2026-04-20T12:35:36","guid":{"rendered":"https:\/\/singuli.wpress.me\/index.php\/proizvod\/bison-odstranjivac-plijesni-500-ml\/"},"modified":"2026-04-21T00:27:27","modified_gmt":"2026-04-21T00:27:27","slug":"bison-odstranjivac-plijesni-500-ml","status":"publish","type":"product","link":"https:\/\/singuli.wpress.me\/index.php\/proizvod\/bison-odstranjivac-plijesni-500-ml\/","title":{"rendered":"BISON, odstranjiva\u010d plijesni, 500\u00a0ml"},"content":{"rendered":"<p>Sredstvo za uklanjanje plijesni trenuta\u010dno uni\u0161tava plijesni i alge.<\/p>\n<p>Prikladno za zidove, podove i spojeve npr. u kupaonicama, kuhinjama, podrumima, gara\u017eama itd. Tako\u0111er prikladno za vanjsku uporabu uklju\u010duju\u0107i zidove, balkone i tegle za cvije\u0107e.<\/p>\n","protected":false},"excerpt":{"rendered":"<p>Trenutno uni\u0161tava plijesan<br \/>\nSna\u017ena aktivna formula u pjeni<br \/>\nZa unutarnju i vanjsku upotrebu<\/p>\n","protected":false},"featured_media":44608,"template":"","meta":{"_seopress_robots_primary_cat":"","_seopress_titles_title":"","_seopress_titles_desc":"","_seopress_robots_index":"","iawp_total_views":0},"product_brand":[494],"product_cat":[284,238],"product_tag":[],"class_list":{"0":"post-44607","1":"product","2":"type-product","3":"status-publish","4":"has-post-thumbnail","6":"product_brand-bison","7":"product_cat-sredstva-za-ciscenje-238","8":"product_cat-sve-za-dom","10":"first","11":"instock","12":"shipping-taxable","13":"purchasable","14":"product-type-simple"},"_links":{"self":[{"href":"https:\/\/singuli.wpress.me\/index.php\/wp-json\/wp\/v2\/product\/44607","targetHints":{"allow":["GET"]}}],"collection":[{"href":"https:\/\/singuli.wpress.me\/index.php\/wp-json\/wp\/v2\/product"}],"about":[{"href":"https:\/\/singuli.wpress.me\/index.php\/wp-json\/wp\/v2\/types\/product"}],"version-history":[{"count":0,"href":"https:\/\/singuli.wpress.me\/index.php\/wp-json\/wp\/v2\/product\/44607\/revisions"}],"wp:featuredmedia":[{"embeddable":true,"href":"https:\/\/singuli.wpress.me\/index.php\/wp-json\/wp\/v2\/media\/44608"}],"wp:attachment":[{"href":"https:\/\/singuli.wpress.me\/index.php\/wp-json\/wp\/v2\/media?parent=44607"}],"wp:term":[{"taxonomy":"product_brand","embeddable":true,"href":"https:\/\/singuli.wpress.me\/index.php\/wp-json\/wp\/v2\/product_brand?post=44607"},{"taxonomy":"product_cat","embeddable":true,"href":"https:\/\/singuli.wpress.me\/index.php\/wp-json\/wp\/v2\/product_cat?post=44607"},{"taxonomy":"product_tag","embeddable":true,"href":"https:\/\/singuli.wpress.me\/index.php\/wp-json\/wp\/v2\/product_tag?post=44607"}],"curies":[{"name":"wp","href":"https:\/\/api.w.org\/{rel}","templated":true}]}}