{"id":44617,"date":"2026-04-20T12:35:40","date_gmt":"2026-04-20T12:35:40","guid":{"rendered":"https:\/\/singuli.wpress.me\/index.php\/proizvod\/gillette-poklon-paket-mach-3-1up-pjena-series-100ml\/"},"modified":"2026-04-20T12:35:40","modified_gmt":"2026-04-20T12:35:40","slug":"gillette-poklon-paket-mach-3-1up-pjena-series-100ml","status":"publish","type":"product","link":"https:\/\/singuli.wpress.me\/index.php\/proizvod\/gillette-poklon-paket-mach-3-1up-pjena-series-100ml\/","title":{"rendered":"GILLETTE, poklon paket, Mach 3 1up + pjena Series 100ml"},"content":{"rendered":"<p>Kada imate osjetljivu ko\u017eu, izuzetno je va\u017eno koje preparate za brijanje koristite. Trebate odabrati one koji i olak\u0161avaju klizanje brija\u010da i umiruju ko\u017eu. Takva je pjena za brijanje Gillette Series Sensitive, oboga\u0107en aloa verom. Njegova formula blagog je mirisa i ima trostruko djelovanje: poma\u017ee za\u0161tititi ko\u017eu od iritacija, pru\u017ea joj potrebnu hidrataciju i umiruje ju nakon prelaska o\u0161trica. Za svje\u017e i ugodan po\u010detak dana.<\/p>\n","protected":false},"excerpt":{"rendered":"<p>Kada imate osjetljivu ko\u017eu, izuzetno je va\u017eno koje preparate za brijanje koristite. Trebate odabrati one koji i olak\u0161avaju klizanje brija\u010da<\/p>\n","protected":false},"featured_media":44618,"template":"","meta":{"_seopress_robots_primary_cat":"","_seopress_titles_title":"","_seopress_titles_desc":"","_seopress_robots_index":"","iawp_total_views":0},"product_brand":[323],"product_cat":[261,277],"product_tag":[],"class_list":{"0":"post-44617","1":"product","2":"type-product","3":"status-publish","4":"has-post-thumbnail","6":"product_brand-gillette","7":"product_cat-hrana-i-pice","8":"product_cat-slatkisi-i-grickalice-261","10":"first","11":"outofstock","12":"shipping-taxable","13":"purchasable","14":"product-type-simple"},"_links":{"self":[{"href":"https:\/\/singuli.wpress.me\/index.php\/wp-json\/wp\/v2\/product\/44617","targetHints":{"allow":["GET"]}}],"collection":[{"href":"https:\/\/singuli.wpress.me\/index.php\/wp-json\/wp\/v2\/product"}],"about":[{"href":"https:\/\/singuli.wpress.me\/index.php\/wp-json\/wp\/v2\/types\/product"}],"version-history":[{"count":0,"href":"https:\/\/singuli.wpress.me\/index.php\/wp-json\/wp\/v2\/product\/44617\/revisions"}],"wp:featuredmedia":[{"embeddable":true,"href":"https:\/\/singuli.wpress.me\/index.php\/wp-json\/wp\/v2\/media\/44618"}],"wp:attachment":[{"href":"https:\/\/singuli.wpress.me\/index.php\/wp-json\/wp\/v2\/media?parent=44617"}],"wp:term":[{"taxonomy":"product_brand","embeddable":true,"href":"https:\/\/singuli.wpress.me\/index.php\/wp-json\/wp\/v2\/product_brand?post=44617"},{"taxonomy":"product_cat","embeddable":true,"href":"https:\/\/singuli.wpress.me\/index.php\/wp-json\/wp\/v2\/product_cat?post=44617"},{"taxonomy":"product_tag","embeddable":true,"href":"https:\/\/singuli.wpress.me\/index.php\/wp-json\/wp\/v2\/product_tag?post=44617"}],"curies":[{"name":"wp","href":"https:\/\/api.w.org\/{rel}","templated":true}]}}