{"id":44620,"date":"2026-04-20T12:35:41","date_gmt":"2026-04-20T12:35:41","guid":{"rendered":"https:\/\/singuli.wpress.me\/index.php\/proizvod\/becutan-spf-50-krema-za-suncanje-75-ml\/"},"modified":"2026-04-20T12:35:41","modified_gmt":"2026-04-20T12:35:41","slug":"becutan-spf-50-krema-za-suncanje-75-ml","status":"publish","type":"product","link":"https:\/\/singuli.wpress.me\/index.php\/proizvod\/becutan-spf-50-krema-za-suncanje-75-ml\/","title":{"rendered":"BECUTAN SPF 50, krema za sun\u010danje, 75\u00a0ml"},"content":{"rendered":"<p>Becutan krema za sun\u010danje sa SPF 50 pru\u017ea visoku i pouzdanu za\u0161titu osjetljive dje\u010dje ko\u017ee od sun\u010devih zraka. Njezina formula temelji se na UVA + UVB mineralnim filtrima koji stvaraju tanak sloj na povr\u0161ini ko\u017ee, fizi\u010dki odbijaju\u0107i UV zrake i sprje\u010davaju\u0107i njihovo upijanje. Osim za\u0161titne funkcije, krema intenzivno njeguje ko\u017eu: maslinovo ulje pru\u017ea potrebnu hidrataciju, dok ekstrakt kamilice djeluje antibakterijski i umiruje crvenilo. Dodatak vitamina E odr\u017eava vla\u017enost i gipkost ko\u017ee te djeluje kao sna\u017ean antioksidans u borbi protiv slobodnih radikala.<\/p>\n","protected":false},"excerpt":{"rendered":"<p>Mineralni filtri pru\u017eaju fizi\u010dku barijeru protiv \u0161tetnog UVA i UVB zra\u010denja<br \/>\nMaslinovo ulje i kamilica \u0161tite od iritacija, umiruju crvenilo i dubinski hidratiziraju<br \/>\nVitamin E sprje\u010dava isu\u0161ivanje ko\u017ee te je odr\u017eava mekanom i gipkom<\/p>\n","protected":false},"featured_media":44621,"template":"","meta":{"_seopress_robots_primary_cat":"","_seopress_titles_title":"","_seopress_titles_desc":"","_seopress_robots_index":"","iawp_total_views":0},"product_brand":[803],"product_cat":[268,269],"product_tag":[],"class_list":{"0":"post-44620","1":"product","2":"type-product","3":"status-publish","4":"has-post-thumbnail","6":"product_brand-becutan","7":"product_cat-kozmetika-2","8":"product_cat-zastita-koze-268","10":"first","11":"outofstock","12":"shipping-taxable","13":"purchasable","14":"product-type-simple"},"_links":{"self":[{"href":"https:\/\/singuli.wpress.me\/index.php\/wp-json\/wp\/v2\/product\/44620","targetHints":{"allow":["GET"]}}],"collection":[{"href":"https:\/\/singuli.wpress.me\/index.php\/wp-json\/wp\/v2\/product"}],"about":[{"href":"https:\/\/singuli.wpress.me\/index.php\/wp-json\/wp\/v2\/types\/product"}],"version-history":[{"count":0,"href":"https:\/\/singuli.wpress.me\/index.php\/wp-json\/wp\/v2\/product\/44620\/revisions"}],"wp:featuredmedia":[{"embeddable":true,"href":"https:\/\/singuli.wpress.me\/index.php\/wp-json\/wp\/v2\/media\/44621"}],"wp:attachment":[{"href":"https:\/\/singuli.wpress.me\/index.php\/wp-json\/wp\/v2\/media?parent=44620"}],"wp:term":[{"taxonomy":"product_brand","embeddable":true,"href":"https:\/\/singuli.wpress.me\/index.php\/wp-json\/wp\/v2\/product_brand?post=44620"},{"taxonomy":"product_cat","embeddable":true,"href":"https:\/\/singuli.wpress.me\/index.php\/wp-json\/wp\/v2\/product_cat?post=44620"},{"taxonomy":"product_tag","embeddable":true,"href":"https:\/\/singuli.wpress.me\/index.php\/wp-json\/wp\/v2\/product_tag?post=44620"}],"curies":[{"name":"wp","href":"https:\/\/api.w.org\/{rel}","templated":true}]}}