{"id":44632,"date":"2026-04-20T12:35:46","date_gmt":"2026-04-20T12:35:46","guid":{"rendered":"https:\/\/singuli.wpress.me\/index.php\/proizvod\/oral-b-3d-white-fresh-zubna-cetkica-2-kom\/"},"modified":"2026-04-20T12:35:46","modified_gmt":"2026-04-20T12:35:46","slug":"oral-b-3d-white-fresh-zubna-cetkica-2-kom","status":"publish","type":"product","link":"https:\/\/singuli.wpress.me\/index.php\/proizvod\/oral-b-3d-white-fresh-zubna-cetkica-2-kom\/","title":{"rendered":"ORAL-B 3D White Fresh, zubna \u010detkica, 2\u00a0kom"},"content":{"rendered":"<p>Klasi\u010dna zubna \u010detkica Oral-B 3D White Fresh \u010duva zdravlje i ljepotu va\u0161ih zubi. Dopire i do te\u0161ko dostupnih mjesta te u\u010dinkovito uklanja zubne naslage i poma\u017ee sprije\u010diti pojavu karijesa. U ovoj varijanti ima srednje tvrda vlakna, a u pakiranju dobivate 2 \u010detkice.<\/p>\n","protected":false},"excerpt":{"rendered":"<p>srednje tvrda klasi\u010dna zubna \u010detkica<br \/>\nu\u010dinkovito uklanja zubne naslage<br \/>\n\u010duva zdravlje i ljepotu va\u0161ih zubi<\/p>\n","protected":false},"featured_media":44633,"template":"","meta":{"_seopress_robots_primary_cat":"","_seopress_titles_title":"","_seopress_titles_desc":"","_seopress_robots_index":"","iawp_total_views":0},"product_brand":[423],"product_cat":[192,208,207],"product_tag":[],"class_list":{"0":"post-44632","1":"product","2":"type-product","3":"status-publish","4":"has-post-thumbnail","6":"product_brand-oral-b-2","7":"product_cat-aparati-za-osobnu-njegu","8":"product_cat-elektricne-i-manualne-cetkice-za-odrasle-i-djecu","9":"product_cat-oralna-higijena","11":"first","12":"outofstock","13":"shipping-taxable","14":"purchasable","15":"product-type-simple"},"_links":{"self":[{"href":"https:\/\/singuli.wpress.me\/index.php\/wp-json\/wp\/v2\/product\/44632","targetHints":{"allow":["GET"]}}],"collection":[{"href":"https:\/\/singuli.wpress.me\/index.php\/wp-json\/wp\/v2\/product"}],"about":[{"href":"https:\/\/singuli.wpress.me\/index.php\/wp-json\/wp\/v2\/types\/product"}],"version-history":[{"count":0,"href":"https:\/\/singuli.wpress.me\/index.php\/wp-json\/wp\/v2\/product\/44632\/revisions"}],"wp:featuredmedia":[{"embeddable":true,"href":"https:\/\/singuli.wpress.me\/index.php\/wp-json\/wp\/v2\/media\/44633"}],"wp:attachment":[{"href":"https:\/\/singuli.wpress.me\/index.php\/wp-json\/wp\/v2\/media?parent=44632"}],"wp:term":[{"taxonomy":"product_brand","embeddable":true,"href":"https:\/\/singuli.wpress.me\/index.php\/wp-json\/wp\/v2\/product_brand?post=44632"},{"taxonomy":"product_cat","embeddable":true,"href":"https:\/\/singuli.wpress.me\/index.php\/wp-json\/wp\/v2\/product_cat?post=44632"},{"taxonomy":"product_tag","embeddable":true,"href":"https:\/\/singuli.wpress.me\/index.php\/wp-json\/wp\/v2\/product_tag?post=44632"}],"curies":[{"name":"wp","href":"https:\/\/api.w.org\/{rel}","templated":true}]}}