{"id":44640,"date":"2026-04-20T12:35:48","date_gmt":"2026-04-20T12:35:48","guid":{"rendered":"https:\/\/singuli.wpress.me\/index.php\/proizvod\/domo-do1023kr-kuhinjski-robot-crni\/"},"modified":"2026-04-20T12:35:48","modified_gmt":"2026-04-20T12:35:48","slug":"domo-do1023kr-kuhinjski-robot-crni","status":"publish","type":"product","link":"https:\/\/singuli.wpress.me\/index.php\/proizvod\/domo-do1023kr-kuhinjski-robot-crni\/","title":{"rendered":"DOMO DO1023KR, kuhinjski robot, crni"},"content":{"rendered":"<p>Domo procesor hrane DO1023KR ima sna\u017ean motor snage 1200 W. Prostrana 6-litarska zdjela od bru\u0161enog nehr\u0111aju\u0107eg \u010delika ima uklonjivi, prozirni poklopac protiv prskanja s rupom za punjenje. Na taj na\u010din mo\u017eete odr\u017eavati kuhinju \u010distom dok mije\u0161anje, ali tako\u0111er mo\u017eete pratiti \u0161to se doga\u0111a u posudi za mije\u0161anje. Brzinu miksera mo\u017eete kontinuirano pode\u0161avati pomo\u0107u prakti\u010dnog okretnog gumba s 8 polo\u017eaja, tako da imate pravu brzinu za svaku pripremu. Planetarna akcija kuhinje stroj osigurava savr\u0161en rezultat mije\u0161anja. Ure\u0111aj je opremljen kukom za tijesto, pjenja\u010dom za mije\u0161anje i nastavkom za mije\u0161anje. Mikser ostaje \u010dvrsto na mjestu zahvaljuju\u0107i neklizaju\u0107im no\u017eicama. Isperite sav pribor pod mlazom vode nakon upotrebe.<\/p>\n","protected":false},"excerpt":{"rendered":"<p>Za mije\u0161enje dizanog tijesta, mu\u0107enje bjelanjaka i mije\u0161enje finog tijesta za kola\u010de<br \/>\nSa 6 postavki prilagodite \u017eeljenu brzinu mije\u0161anja prema vrsti pripreme<br \/>\nUklju\u010duje: kuku za tijesto, pjenja\u010du i nastavak za mu\u0107enje<\/p>\n","protected":false},"featured_media":44641,"template":"","meta":{"_seopress_robots_primary_cat":"","_seopress_titles_title":"","_seopress_titles_desc":"","_seopress_robots_index":"","iawp_total_views":0},"product_brand":[255],"product_cat":[192,267],"product_tag":[],"class_list":{"0":"post-44640","1":"product","2":"type-product","3":"status-publish","4":"has-post-thumbnail","6":"product_brand-domo","7":"product_cat-aparati-za-osobnu-njegu","8":"product_cat-zdravstveni-uredaji-192","10":"first","11":"outofstock","12":"shipping-taxable","13":"purchasable","14":"product-type-simple"},"_links":{"self":[{"href":"https:\/\/singuli.wpress.me\/index.php\/wp-json\/wp\/v2\/product\/44640","targetHints":{"allow":["GET"]}}],"collection":[{"href":"https:\/\/singuli.wpress.me\/index.php\/wp-json\/wp\/v2\/product"}],"about":[{"href":"https:\/\/singuli.wpress.me\/index.php\/wp-json\/wp\/v2\/types\/product"}],"version-history":[{"count":0,"href":"https:\/\/singuli.wpress.me\/index.php\/wp-json\/wp\/v2\/product\/44640\/revisions"}],"wp:featuredmedia":[{"embeddable":true,"href":"https:\/\/singuli.wpress.me\/index.php\/wp-json\/wp\/v2\/media\/44641"}],"wp:attachment":[{"href":"https:\/\/singuli.wpress.me\/index.php\/wp-json\/wp\/v2\/media?parent=44640"}],"wp:term":[{"taxonomy":"product_brand","embeddable":true,"href":"https:\/\/singuli.wpress.me\/index.php\/wp-json\/wp\/v2\/product_brand?post=44640"},{"taxonomy":"product_cat","embeddable":true,"href":"https:\/\/singuli.wpress.me\/index.php\/wp-json\/wp\/v2\/product_cat?post=44640"},{"taxonomy":"product_tag","embeddable":true,"href":"https:\/\/singuli.wpress.me\/index.php\/wp-json\/wp\/v2\/product_tag?post=44640"}],"curies":[{"name":"wp","href":"https:\/\/api.w.org\/{rel}","templated":true}]}}