{"id":44646,"date":"2026-04-20T12:35:50","date_gmt":"2026-04-20T12:35:50","guid":{"rendered":"https:\/\/singuli.wpress.me\/index.php\/proizvod\/oral-b-3d-3-effect-natural-zubna-cetkica-2-kom\/"},"modified":"2026-04-20T12:35:50","modified_gmt":"2026-04-20T12:35:50","slug":"oral-b-3d-3-effect-natural-zubna-cetkica-2-kom","status":"publish","type":"product","link":"https:\/\/singuli.wpress.me\/index.php\/proizvod\/oral-b-3d-3-effect-natural-zubna-cetkica-2-kom\/","title":{"rendered":"ORAL-B 3D 3 Effect Natural, zubna \u010detkica, 2\u00a0kom"},"content":{"rendered":"<p><span style=\"font-weight: bold\">3D 3 Effect Natural \u010detkica za zube<\/span>, jedinstvenog dizajna s prstenovima za poliranje koji obujmljuju svaki zub, omogu\u0107uje <span style=\"font-weight: bold\">dubinsko \u010di\u0161\u0107enje zuba<\/span>. Na glavi \u010detkice nalaze se <span style=\"font-weight: bold\">Power Tip vlakna <\/span>koja dopiru do uskih me\u0111uzubnih prostora dok su nje\u017ena prema caklini. Ru\u010dna \u010detkica za zube poma\u017ee o\u010distiti zube i posti\u0107i bjelji osmijeh. Brine se za zdravije i \u010dvr\u0161\u0107e desni te<span style=\"font-weight: bold\"> poma\u017ee ubla\u017eiti upalu desni <\/span>pomo\u0107u mekih stimulatora.<\/p>\n","protected":false},"excerpt":{"rendered":"<p>Srednje tvrda klasi\u010dna zubna \u010detkica<br \/>\nNje\u017ena prema caklini<br \/>\nPrstenovi za poliranje omogu\u0107uju dubinsko \u010di\u0161\u0107enje zuba<\/p>\n","protected":false},"featured_media":44647,"template":"","meta":{"_seopress_robots_primary_cat":"","_seopress_titles_title":"","_seopress_titles_desc":"","_seopress_robots_index":"","iawp_total_views":0},"product_brand":[423],"product_cat":[192,208,207],"product_tag":[],"class_list":{"0":"post-44646","1":"product","2":"type-product","3":"status-publish","4":"has-post-thumbnail","6":"product_brand-oral-b-2","7":"product_cat-aparati-za-osobnu-njegu","8":"product_cat-elektricne-i-manualne-cetkice-za-odrasle-i-djecu","9":"product_cat-oralna-higijena","11":"first","12":"instock","13":"shipping-taxable","14":"purchasable","15":"product-type-simple"},"_links":{"self":[{"href":"https:\/\/singuli.wpress.me\/index.php\/wp-json\/wp\/v2\/product\/44646","targetHints":{"allow":["GET"]}}],"collection":[{"href":"https:\/\/singuli.wpress.me\/index.php\/wp-json\/wp\/v2\/product"}],"about":[{"href":"https:\/\/singuli.wpress.me\/index.php\/wp-json\/wp\/v2\/types\/product"}],"version-history":[{"count":0,"href":"https:\/\/singuli.wpress.me\/index.php\/wp-json\/wp\/v2\/product\/44646\/revisions"}],"wp:featuredmedia":[{"embeddable":true,"href":"https:\/\/singuli.wpress.me\/index.php\/wp-json\/wp\/v2\/media\/44647"}],"wp:attachment":[{"href":"https:\/\/singuli.wpress.me\/index.php\/wp-json\/wp\/v2\/media?parent=44646"}],"wp:term":[{"taxonomy":"product_brand","embeddable":true,"href":"https:\/\/singuli.wpress.me\/index.php\/wp-json\/wp\/v2\/product_brand?post=44646"},{"taxonomy":"product_cat","embeddable":true,"href":"https:\/\/singuli.wpress.me\/index.php\/wp-json\/wp\/v2\/product_cat?post=44646"},{"taxonomy":"product_tag","embeddable":true,"href":"https:\/\/singuli.wpress.me\/index.php\/wp-json\/wp\/v2\/product_tag?post=44646"}],"curies":[{"name":"wp","href":"https:\/\/api.w.org\/{rel}","templated":true}]}}