{"id":44662,"date":"2026-04-20T12:35:55","date_gmt":"2026-04-20T12:35:55","guid":{"rendered":"https:\/\/singuli.wpress.me\/index.php\/proizvod\/domo-do9064c-toster\/"},"modified":"2026-04-21T00:27:27","modified_gmt":"2026-04-21T00:27:27","slug":"domo-do9064c-toster","status":"publish","type":"product","link":"https:\/\/singuli.wpress.me\/index.php\/proizvod\/domo-do9064c-toster\/","title":{"rendered":"DOMO DO9064C, toster"},"content":{"rendered":"<p>S Domo DO9064C Croque XL mo\u017eete napraviti 4 sendvi\u010da u isto vrijeme. Dakle, nema potrebe \u010dekati da se svi sendvi\u010di zagriju za cijelu obitelj i mo\u017eete u\u017eivati \u200b\u200bu sendvi\u010du zajedno za stolom. Zahvaljuju\u0107i neprianjaju\u0107em premazu, sendvi\u010di se ne lijepe za ro\u0161tilj, a tanjuri se tako\u0111er lako \u010diste nakon upotrebe. Lampica na ro\u0161tilju pokazuje kada je ro\u0161tilj zagrijan.<\/p>\n","protected":false},"excerpt":{"rendered":"<p>Premaz protiv lijepljenja<br \/>\nBrzi 06L sendvi\u010di za cijelu obitelj<br \/>\nNoge protiv klizanja i spremi\u0161te za kabele<\/p>\n","protected":false},"featured_media":44663,"template":"","meta":{"_seopress_robots_primary_cat":"","_seopress_titles_title":"","_seopress_titles_desc":"","_seopress_robots_index":"","iawp_total_views":0},"product_brand":[255],"product_cat":[266,265,160],"product_tag":[],"class_list":{"0":"post-44662","1":"product","2":"type-product","3":"status-publish","4":"has-post-thumbnail","6":"product_brand-domo","7":"product_cat-aparati-za-kuhanje-265","8":"product_cat-kuhinjski-aparati-160","9":"product_cat-mali-kucanski-aparati","11":"first","12":"outofstock","13":"shipping-taxable","14":"purchasable","15":"product-type-simple"},"_links":{"self":[{"href":"https:\/\/singuli.wpress.me\/index.php\/wp-json\/wp\/v2\/product\/44662","targetHints":{"allow":["GET"]}}],"collection":[{"href":"https:\/\/singuli.wpress.me\/index.php\/wp-json\/wp\/v2\/product"}],"about":[{"href":"https:\/\/singuli.wpress.me\/index.php\/wp-json\/wp\/v2\/types\/product"}],"version-history":[{"count":0,"href":"https:\/\/singuli.wpress.me\/index.php\/wp-json\/wp\/v2\/product\/44662\/revisions"}],"wp:featuredmedia":[{"embeddable":true,"href":"https:\/\/singuli.wpress.me\/index.php\/wp-json\/wp\/v2\/media\/44663"}],"wp:attachment":[{"href":"https:\/\/singuli.wpress.me\/index.php\/wp-json\/wp\/v2\/media?parent=44662"}],"wp:term":[{"taxonomy":"product_brand","embeddable":true,"href":"https:\/\/singuli.wpress.me\/index.php\/wp-json\/wp\/v2\/product_brand?post=44662"},{"taxonomy":"product_cat","embeddable":true,"href":"https:\/\/singuli.wpress.me\/index.php\/wp-json\/wp\/v2\/product_cat?post=44662"},{"taxonomy":"product_tag","embeddable":true,"href":"https:\/\/singuli.wpress.me\/index.php\/wp-json\/wp\/v2\/product_tag?post=44662"}],"curies":[{"name":"wp","href":"https:\/\/api.w.org\/{rel}","templated":true}]}}