{"id":44668,"date":"2026-04-20T12:35:57","date_gmt":"2026-04-20T12:35:57","guid":{"rendered":"https:\/\/singuli.wpress.me\/index.php\/proizvod\/gadus-s3-t100-2-visenamjenska-mast-18-kg\/"},"modified":"2026-04-20T12:35:57","modified_gmt":"2026-04-20T12:35:57","slug":"gadus-s3-t100-2-visenamjenska-mast-18-kg","status":"publish","type":"product","link":"https:\/\/singuli.wpress.me\/index.php\/proizvod\/gadus-s3-t100-2-visenamjenska-mast-18-kg\/","title":{"rendered":"GADUS S3 T100 2 , vi\u0161enamjenska mast, 18\u00a0kg"},"content":{"rendered":"<p>Premium vi\u0161enamjenska mast. Visokokvalitetna mast dizajnirana da osigura izvrsne performanse za podmazivanje masti u industrijskim le\u017eajevima. Ove masti su bazirane na mineralnom ulju s posebnim diurea ugu\u0161\u0107iva\u010dima, odli\u010dna za\u0161tita od tro\u0161enja i stabilnost za smicanje pri visokim temperaturama. U primjenama na visokoj temperaturi nadma\u0161it \u0107e \u010dak i potpuno snteti\u010dko (PAO) bazno ulje sa litij-kompleksnim ugu\u0161\u0107iva\u010dem.<\/p>\n","protected":false},"excerpt":{"rendered":"<p>Vi\u0161enamjenska mast<br \/>\nBazirane na mineralnom ulju s posebnim diurea ugu\u0161\u0107iva\u010dima<br \/>\nOdli\u010dna za\u0161tita od tro\u0161enja i stabilnost za smicanje<\/p>\n","protected":false},"featured_media":44669,"template":"","meta":{"_seopress_robots_primary_cat":"","_seopress_titles_title":"","_seopress_titles_desc":"","_seopress_robots_index":"","iawp_total_views":0},"product_brand":[413],"product_cat":[268,278],"product_tag":[],"class_list":{"0":"post-44668","1":"product","2":"type-product","3":"status-publish","4":"has-post-thumbnail","6":"product_brand-gadus","7":"product_cat-kozmetika-2","8":"product_cat-njega-tijela-268","10":"first","11":"outofstock","12":"shipping-taxable","13":"purchasable","14":"product-type-simple"},"_links":{"self":[{"href":"https:\/\/singuli.wpress.me\/index.php\/wp-json\/wp\/v2\/product\/44668","targetHints":{"allow":["GET"]}}],"collection":[{"href":"https:\/\/singuli.wpress.me\/index.php\/wp-json\/wp\/v2\/product"}],"about":[{"href":"https:\/\/singuli.wpress.me\/index.php\/wp-json\/wp\/v2\/types\/product"}],"version-history":[{"count":0,"href":"https:\/\/singuli.wpress.me\/index.php\/wp-json\/wp\/v2\/product\/44668\/revisions"}],"wp:featuredmedia":[{"embeddable":true,"href":"https:\/\/singuli.wpress.me\/index.php\/wp-json\/wp\/v2\/media\/44669"}],"wp:attachment":[{"href":"https:\/\/singuli.wpress.me\/index.php\/wp-json\/wp\/v2\/media?parent=44668"}],"wp:term":[{"taxonomy":"product_brand","embeddable":true,"href":"https:\/\/singuli.wpress.me\/index.php\/wp-json\/wp\/v2\/product_brand?post=44668"},{"taxonomy":"product_cat","embeddable":true,"href":"https:\/\/singuli.wpress.me\/index.php\/wp-json\/wp\/v2\/product_cat?post=44668"},{"taxonomy":"product_tag","embeddable":true,"href":"https:\/\/singuli.wpress.me\/index.php\/wp-json\/wp\/v2\/product_tag?post=44668"}],"curies":[{"name":"wp","href":"https:\/\/api.w.org\/{rel}","templated":true}]}}