{"id":44676,"date":"2026-04-20T12:36:00","date_gmt":"2026-04-20T12:36:00","guid":{"rendered":"https:\/\/singuli.wpress.me\/index.php\/proizvod\/lavazza-kava-u-zrnu-qualita-oro-500-g\/"},"modified":"2026-04-20T12:36:00","modified_gmt":"2026-04-20T12:36:00","slug":"lavazza-kava-u-zrnu-qualita-oro-500-g","status":"publish","type":"product","link":"https:\/\/singuli.wpress.me\/index.php\/proizvod\/lavazza-kava-u-zrnu-qualita-oro-500-g\/","title":{"rendered":"LAVAZZA, kava u zrnu, Qualita Oro , 500\u00a0g"},"content":{"rendered":"<p>Qualit\u00e0 Oro je prva Lavazzina mje\u0161avina, koju je 1956. godine stvorio Luigi Lavazza u svojoj maloj pr\u017eionici u Torinu. Tajna recepta pre\u0161la je s oca na sina, zadr\u017eavaju\u0107i isti profil visoke kvalitete ve\u0107 du\u017ee od 50 godina, do danas. Izvrsnost mje\u0161avine Qualit\u00e0 Oro rezultat je dugogodi\u0161nje stru\u010dnosti tvrtke Lavazza u kombiniranju i pr\u017eenju. Izvrsnost kalitete Qualit\u00e0 Oro kave o\u010duvana je \u010detiri generacije. Jedinstvena je kombinacija 6 vrsta Arabica zrna. Savr\u0161ena simfonija za vrhunski okus svaki put, jo\u0161 od davne 1956. godine.<\/p>\n<p>Kava u zrnu Lavazza Qualit\u00e1 Oro je kreirana za prave stru\u010dnjake i ljubitelje kave.<\/p>\n<p>Zahvaljuju\u0107i posebnom na\u010dinu pr\u017eenja, rezultat je kava s savr\u0161enom kremastom strukturom, savr\u0161enim okusom i intenzivnom aromom.<\/p>\n<p>Odli\u010dan je izbor za pripremu klasi\u010dne esspresso kave, cappucina ili bijele kave. Predstavlja odli\u010dnu osnovu za sve ljubitelje kave.<\/p>\n<p>Sastav: 100% Arabica<br \/>\nIntenzitet: 5\/10<br \/>\nProfil okusa (aroma): Cvijetni \/vo\u0107ni<br \/>\nPr\u017eenje : Srednje<\/p>\n","protected":false},"excerpt":{"rendered":"<p>100% Arabica<br \/>\nIntenzitet: 5\/10<br \/>\nAroma: cvjetni\/vo\u0107ni<\/p>\n","protected":false},"featured_media":44677,"template":"","meta":{"_seopress_robots_primary_cat":"","_seopress_titles_title":"","_seopress_titles_desc":"","_seopress_robots_index":"","iawp_total_views":0},"product_brand":[393],"product_cat":[261,275],"product_tag":[],"class_list":{"0":"post-44676","1":"product","2":"type-product","3":"status-publish","4":"has-post-thumbnail","6":"product_brand-lavazza","7":"product_cat-hrana-i-pice","8":"product_cat-kava-i-cajevi-261","10":"first","11":"instock","12":"shipping-taxable","13":"purchasable","14":"product-type-simple"},"_links":{"self":[{"href":"https:\/\/singuli.wpress.me\/index.php\/wp-json\/wp\/v2\/product\/44676","targetHints":{"allow":["GET"]}}],"collection":[{"href":"https:\/\/singuli.wpress.me\/index.php\/wp-json\/wp\/v2\/product"}],"about":[{"href":"https:\/\/singuli.wpress.me\/index.php\/wp-json\/wp\/v2\/types\/product"}],"version-history":[{"count":0,"href":"https:\/\/singuli.wpress.me\/index.php\/wp-json\/wp\/v2\/product\/44676\/revisions"}],"wp:featuredmedia":[{"embeddable":true,"href":"https:\/\/singuli.wpress.me\/index.php\/wp-json\/wp\/v2\/media\/44677"}],"wp:attachment":[{"href":"https:\/\/singuli.wpress.me\/index.php\/wp-json\/wp\/v2\/media?parent=44676"}],"wp:term":[{"taxonomy":"product_brand","embeddable":true,"href":"https:\/\/singuli.wpress.me\/index.php\/wp-json\/wp\/v2\/product_brand?post=44676"},{"taxonomy":"product_cat","embeddable":true,"href":"https:\/\/singuli.wpress.me\/index.php\/wp-json\/wp\/v2\/product_cat?post=44676"},{"taxonomy":"product_tag","embeddable":true,"href":"https:\/\/singuli.wpress.me\/index.php\/wp-json\/wp\/v2\/product_tag?post=44676"}],"curies":[{"name":"wp","href":"https:\/\/api.w.org\/{rel}","templated":true}]}}