{"id":44688,"date":"2026-04-20T12:36:05","date_gmt":"2026-04-20T12:36:05","guid":{"rendered":"https:\/\/singuli.wpress.me\/index.php\/proizvod\/disney-plisana-igracka-minnie-jumbo-76-cm\/"},"modified":"2026-04-20T12:36:05","modified_gmt":"2026-04-20T12:36:05","slug":"disney-plisana-igracka-minnie-jumbo-76-cm","status":"publish","type":"product","link":"https:\/\/singuli.wpress.me\/index.php\/proizvod\/disney-plisana-igracka-minnie-jumbo-76-cm\/","title":{"rendered":"DISNEY, pli\u0161ana igra\u010dka, Minnie &#8211; jumbo, 76\u00a0cm"},"content":{"rendered":"<p>Nova predivna Disney pli\u0161anka, mekana i neodoljiva za sve generacije!<\/p>\n<p>Jumbo Minnie u rozoj haljini veli\u010dine 76 cm izra\u0111ena od najkvalitetnijih materijala i prikladna za mali\u0161ane od najranije dobi.<\/p>\n<p>Dob: 0+<\/p>\n","protected":false},"excerpt":{"rendered":"<p>Mekana i neodoljiva pli\u0161ana igra\u010dka za sve generacije<br \/>\nVeli\u010dina igra\u010dke 76 cm<br \/>\nDob: 0+ m<\/p>\n","protected":false},"featured_media":44689,"template":"","meta":{"_seopress_robots_primary_cat":"","_seopress_titles_title":"","_seopress_titles_desc":"","_seopress_robots_index":"","iawp_total_views":0},"product_brand":[522],"product_cat":[221,291],"product_tag":[],"class_list":{"0":"post-44688","1":"product","2":"type-product","3":"status-publish","4":"has-post-thumbnail","6":"product_brand-disney","7":"product_cat-igracke","8":"product_cat-igracke-za-djecu-221","10":"first","11":"instock","12":"shipping-taxable","13":"purchasable","14":"product-type-simple"},"_links":{"self":[{"href":"https:\/\/singuli.wpress.me\/index.php\/wp-json\/wp\/v2\/product\/44688","targetHints":{"allow":["GET"]}}],"collection":[{"href":"https:\/\/singuli.wpress.me\/index.php\/wp-json\/wp\/v2\/product"}],"about":[{"href":"https:\/\/singuli.wpress.me\/index.php\/wp-json\/wp\/v2\/types\/product"}],"version-history":[{"count":0,"href":"https:\/\/singuli.wpress.me\/index.php\/wp-json\/wp\/v2\/product\/44688\/revisions"}],"wp:featuredmedia":[{"embeddable":true,"href":"https:\/\/singuli.wpress.me\/index.php\/wp-json\/wp\/v2\/media\/44689"}],"wp:attachment":[{"href":"https:\/\/singuli.wpress.me\/index.php\/wp-json\/wp\/v2\/media?parent=44688"}],"wp:term":[{"taxonomy":"product_brand","embeddable":true,"href":"https:\/\/singuli.wpress.me\/index.php\/wp-json\/wp\/v2\/product_brand?post=44688"},{"taxonomy":"product_cat","embeddable":true,"href":"https:\/\/singuli.wpress.me\/index.php\/wp-json\/wp\/v2\/product_cat?post=44688"},{"taxonomy":"product_tag","embeddable":true,"href":"https:\/\/singuli.wpress.me\/index.php\/wp-json\/wp\/v2\/product_tag?post=44688"}],"curies":[{"name":"wp","href":"https:\/\/api.w.org\/{rel}","templated":true}]}}