{"id":44697,"date":"2026-04-20T12:36:07","date_gmt":"2026-04-20T12:36:07","guid":{"rendered":"https:\/\/singuli.wpress.me\/index.php\/proizvod\/party-pop-teenies-lutkica-i-konfeti\/"},"modified":"2026-04-20T12:36:07","modified_gmt":"2026-04-20T12:36:07","slug":"party-pop-teenies-lutkica-i-konfeti","status":"publish","type":"product","link":"https:\/\/singuli.wpress.me\/index.php\/proizvod\/party-pop-teenies-lutkica-i-konfeti\/","title":{"rendered":"PARTY POP TEENIES, lutkica i konfeti"},"content":{"rendered":"<p><span style=\"font-weight: bold\">Povuci, okreni i do\u017eivi jedinstveno iznena\u0111enje konfeta i otkrivanja iznena\u0111enja!<br \/>\n<\/span><br \/>\nSadr\u017ei 1 lutkicu i dodatak.<\/p>\n<p>Mo\u017ee\u0161 sakupiti 16 razli\u010ditih lutkica.<\/p>\n<p>Dob: 4+<\/p>\n<p>Igra\u010dka dolazi u vi\u0161e razli\u010ditih modela, a isporuka ovisi o njihovoj trenutnoj raspolo\u017eivosti. <\/p>\n","protected":false},"excerpt":{"rendered":"<p>Set sadr\u017ei 1 lutkicu i dodatak<br \/>\nMo\u017ee se sakupiti 16 razli\u010ditih lutkica<br \/>\nDob: 4+ godine<\/p>\n","protected":false},"featured_media":44698,"template":"","meta":{"_seopress_robots_primary_cat":"","_seopress_titles_title":"","_seopress_titles_desc":"","_seopress_robots_index":"","iawp_total_views":0},"product_brand":[904],"product_cat":[221,291],"product_tag":[],"class_list":{"0":"post-44697","1":"product","2":"type-product","3":"status-publish","4":"has-post-thumbnail","6":"product_brand-party-pop-teenies","7":"product_cat-igracke","8":"product_cat-igracke-za-djecu-221","10":"first","11":"instock","12":"shipping-taxable","13":"purchasable","14":"product-type-simple"},"_links":{"self":[{"href":"https:\/\/singuli.wpress.me\/index.php\/wp-json\/wp\/v2\/product\/44697","targetHints":{"allow":["GET"]}}],"collection":[{"href":"https:\/\/singuli.wpress.me\/index.php\/wp-json\/wp\/v2\/product"}],"about":[{"href":"https:\/\/singuli.wpress.me\/index.php\/wp-json\/wp\/v2\/types\/product"}],"version-history":[{"count":0,"href":"https:\/\/singuli.wpress.me\/index.php\/wp-json\/wp\/v2\/product\/44697\/revisions"}],"wp:featuredmedia":[{"embeddable":true,"href":"https:\/\/singuli.wpress.me\/index.php\/wp-json\/wp\/v2\/media\/44698"}],"wp:attachment":[{"href":"https:\/\/singuli.wpress.me\/index.php\/wp-json\/wp\/v2\/media?parent=44697"}],"wp:term":[{"taxonomy":"product_brand","embeddable":true,"href":"https:\/\/singuli.wpress.me\/index.php\/wp-json\/wp\/v2\/product_brand?post=44697"},{"taxonomy":"product_cat","embeddable":true,"href":"https:\/\/singuli.wpress.me\/index.php\/wp-json\/wp\/v2\/product_cat?post=44697"},{"taxonomy":"product_tag","embeddable":true,"href":"https:\/\/singuli.wpress.me\/index.php\/wp-json\/wp\/v2\/product_tag?post=44697"}],"curies":[{"name":"wp","href":"https:\/\/api.w.org\/{rel}","templated":true}]}}