{"id":44703,"date":"2026-04-20T12:36:09","date_gmt":"2026-04-20T12:36:09","guid":{"rendered":"https:\/\/singuli.wpress.me\/index.php\/proizvod\/ambi-pur-car-osvjezivac-zraka-za-automobil-old-spice-2-ml\/"},"modified":"2026-04-20T12:36:09","modified_gmt":"2026-04-20T12:36:09","slug":"ambi-pur-car-osvjezivac-zraka-za-automobil-old-spice-2-ml","status":"publish","type":"product","link":"https:\/\/singuli.wpress.me\/index.php\/proizvod\/ambi-pur-car-osvjezivac-zraka-za-automobil-old-spice-2-ml\/","title":{"rendered":"AMBI PUR CAR, osvje\u017eiva\u010d zraka za automobil, Old Spice, 2\u00a0ml"},"content":{"rendered":"<p>Neka tvoj automobil uvijek miri\u0161e jednako dobro kao i ti. Osvje\u017eiva\u010d Ambi Pur Old Spice s laganim notama citrusa i metvice odi\u0161e svje\u017einom i mu\u017eevno\u0161\u0107u. Njegova tehnologija Odourclear ne maskira neugodne mirise ve\u0107 ih uistinu uklanja, \u010dak i one najupornije poput mirisa hrane, ku\u0107nih ljubimaca, dima ili otpada, a ostavlja blag, svje\u017e miris, koji traje i do 30 dana. Osvje\u017eiva\u010d Ambi Pur ne treba baterije ni elektri\u010dnu struju, malen je i diskretan te se lako postavlja na ventilacijski otvor u automobilu, a intenzitet mirisa regulirate uz pomo\u0107 kota\u010di\u0107a.<\/p>\n","protected":false},"excerpt":{"rendered":"<p>Svje\u017e i mu\u017eevan miris s notama citrusa i metvice<br \/>\nTehnologija odourclear ne maskira ve\u0107 uistinu uklanja i najupornije neugodne mirise<br \/>\nPostavlja se na ventilacijski otvor<\/p>\n","protected":false},"featured_media":44704,"template":"","meta":{"_seopress_robots_primary_cat":"","_seopress_titles_title":"","_seopress_titles_desc":"","_seopress_robots_index":"","iawp_total_views":0},"product_brand":[769],"product_cat":[243,272],"product_tag":[],"class_list":{"0":"post-44703","1":"product","2":"type-product","3":"status-publish","4":"has-post-thumbnail","6":"product_brand-ambi-pur-car","7":"product_cat-automobili-i-motori","8":"product_cat-motorna-ulja-243","10":"first","11":"instock","12":"shipping-taxable","13":"purchasable","14":"product-type-simple"},"_links":{"self":[{"href":"https:\/\/singuli.wpress.me\/index.php\/wp-json\/wp\/v2\/product\/44703","targetHints":{"allow":["GET"]}}],"collection":[{"href":"https:\/\/singuli.wpress.me\/index.php\/wp-json\/wp\/v2\/product"}],"about":[{"href":"https:\/\/singuli.wpress.me\/index.php\/wp-json\/wp\/v2\/types\/product"}],"version-history":[{"count":0,"href":"https:\/\/singuli.wpress.me\/index.php\/wp-json\/wp\/v2\/product\/44703\/revisions"}],"wp:featuredmedia":[{"embeddable":true,"href":"https:\/\/singuli.wpress.me\/index.php\/wp-json\/wp\/v2\/media\/44704"}],"wp:attachment":[{"href":"https:\/\/singuli.wpress.me\/index.php\/wp-json\/wp\/v2\/media?parent=44703"}],"wp:term":[{"taxonomy":"product_brand","embeddable":true,"href":"https:\/\/singuli.wpress.me\/index.php\/wp-json\/wp\/v2\/product_brand?post=44703"},{"taxonomy":"product_cat","embeddable":true,"href":"https:\/\/singuli.wpress.me\/index.php\/wp-json\/wp\/v2\/product_cat?post=44703"},{"taxonomy":"product_tag","embeddable":true,"href":"https:\/\/singuli.wpress.me\/index.php\/wp-json\/wp\/v2\/product_tag?post=44703"}],"curies":[{"name":"wp","href":"https:\/\/api.w.org\/{rel}","templated":true}]}}