{"id":44708,"date":"2026-04-20T12:36:11","date_gmt":"2026-04-20T12:36:11","guid":{"rendered":"https:\/\/singuli.wpress.me\/index.php\/proizvod\/gillette-venus-comfortglide-breeze-brijac-2-zamjenske-britvice\/"},"modified":"2026-04-20T12:36:11","modified_gmt":"2026-04-20T12:36:11","slug":"gillette-venus-comfortglide-breeze-brijac-2-zamjenske-britvice","status":"publish","type":"product","link":"https:\/\/singuli.wpress.me\/index.php\/proizvod\/gillette-venus-comfortglide-breeze-brijac-2-zamjenske-britvice\/","title":{"rendered":"GILLETTE Venus Comfortglide Breeze, brija\u010d, 2 zamjenske britvice"},"content":{"rendered":"<p>U\u017eivajte u nevjerojatno ugodnom, rasko\u0161nom brijanju uz Venus ComfortGlide Breeze s pokretljivom brija\u0107om glavom okru\u017eenom fleksibilnim trakicama koje u dodiru s vodom stvaraju pjenu za brijanje oboga\u0107enu laganim maslacima za njegu tijela. 3 o\u0161trice lijepo se prilago\u0111avaju konturama tijela, dok ergonomska dr\u0161ka SoftGrip omogu\u0107uje dobru kontrolu \u010dak i pod vodom i u razli\u010ditim polo\u017eajima. Sve to prati i prekrasan miris frezije. S ovom dr\u0161kom mo\u017eete koristiti sve zamjenske britvice Venus.<\/p>\n","protected":false},"excerpt":{"rendered":"<p>3 o\u0161trice koje prate konture tijela<br \/>\nfleksibilne trakice s gelom za brijanje<br \/>\nergonomska dr\u0161ka SoftGrip za bolju kontrolu<\/p>\n","protected":false},"featured_media":44709,"template":"","meta":{"_seopress_robots_primary_cat":"","_seopress_titles_title":"","_seopress_titles_desc":"","_seopress_robots_index":"","iawp_total_views":0},"product_brand":[323],"product_cat":[280,192,279],"product_tag":[],"class_list":{"0":"post-44708","1":"product","2":"type-product","3":"status-publish","4":"has-post-thumbnail","6":"product_brand-gillette","7":"product_cat-aparati-za-muskarce-279","8":"product_cat-aparati-za-osobnu-njegu","9":"product_cat-brijanje-i-sisanje-192","11":"first","12":"instock","13":"shipping-taxable","14":"purchasable","15":"product-type-simple"},"_links":{"self":[{"href":"https:\/\/singuli.wpress.me\/index.php\/wp-json\/wp\/v2\/product\/44708","targetHints":{"allow":["GET"]}}],"collection":[{"href":"https:\/\/singuli.wpress.me\/index.php\/wp-json\/wp\/v2\/product"}],"about":[{"href":"https:\/\/singuli.wpress.me\/index.php\/wp-json\/wp\/v2\/types\/product"}],"version-history":[{"count":0,"href":"https:\/\/singuli.wpress.me\/index.php\/wp-json\/wp\/v2\/product\/44708\/revisions"}],"wp:featuredmedia":[{"embeddable":true,"href":"https:\/\/singuli.wpress.me\/index.php\/wp-json\/wp\/v2\/media\/44709"}],"wp:attachment":[{"href":"https:\/\/singuli.wpress.me\/index.php\/wp-json\/wp\/v2\/media?parent=44708"}],"wp:term":[{"taxonomy":"product_brand","embeddable":true,"href":"https:\/\/singuli.wpress.me\/index.php\/wp-json\/wp\/v2\/product_brand?post=44708"},{"taxonomy":"product_cat","embeddable":true,"href":"https:\/\/singuli.wpress.me\/index.php\/wp-json\/wp\/v2\/product_cat?post=44708"},{"taxonomy":"product_tag","embeddable":true,"href":"https:\/\/singuli.wpress.me\/index.php\/wp-json\/wp\/v2\/product_tag?post=44708"}],"curies":[{"name":"wp","href":"https:\/\/api.w.org\/{rel}","templated":true}]}}