{"id":44717,"date":"2026-04-20T12:36:14","date_gmt":"2026-04-20T12:36:14","guid":{"rendered":"https:\/\/singuli.wpress.me\/index.php\/proizvod\/dash-pods-lavander-kapsule-za-pranje-rublja-44-pranja-2\/"},"modified":"2026-04-21T00:27:28","modified_gmt":"2026-04-21T00:27:28","slug":"dash-pods-lavander-kapsule-za-pranje-rublja-44-pranja-2","status":"publish","type":"product","link":"https:\/\/singuli.wpress.me\/index.php\/proizvod\/dash-pods-lavander-kapsule-za-pranje-rublja-44-pranja-2\/","title":{"rendered":"DASH PODS Lavander, kapsule za pranje rublja, 44 pranja"},"content":{"rendered":"<p><span style=\"font-weight: bold\">Kapsule Dash PODS Lavander<\/span> jam\u010de besprijekornu \u010disto\u0107u i blistave boje, \u010dak i pri niskoj temperaturi i kratkim ciklusima. Imaju nov dizajn s vi\u0161e komora u kojima su sastojci stabilni i odvojeni do pranja, a nude ultrakoncentriranu snagu \u010di\u0161\u0107enja. <\/p>\n<p>Omot kapsula Dash Power PODS potpuno se topi u dodiru s vodom. <\/p>\n<p>Koristite Dash Power s proizvodima Lenor Softener i Lenor Unstoppables, za dodatnu svje\u017einu i meko\u0107u.<\/p>\n","protected":false},"excerpt":{"rendered":"<p>Kapsule jam\u010de besprijekornu \u010disto\u0107u<br \/>\nU\u010dinkovito \u010di\u0161\u0107enje pri niskoj temperaturi i kratkim ciklusima<br \/>\nostavljaju ugodan miris na odje\u0107i<\/p>\n","protected":false},"featured_media":44718,"template":"","meta":{"_seopress_robots_primary_cat":"","_seopress_titles_title":"","_seopress_titles_desc":"","_seopress_robots_index":"","iawp_total_views":0},"product_brand":[762],"product_cat":[283,238],"product_tag":[],"class_list":{"0":"post-44717","1":"product","2":"type-product","3":"status-publish","4":"has-post-thumbnail","6":"product_brand-dash","7":"product_cat-pranje-rublja-238","8":"product_cat-sve-za-dom","10":"first","11":"outofstock","12":"shipping-taxable","13":"purchasable","14":"product-type-simple"},"_links":{"self":[{"href":"https:\/\/singuli.wpress.me\/index.php\/wp-json\/wp\/v2\/product\/44717","targetHints":{"allow":["GET"]}}],"collection":[{"href":"https:\/\/singuli.wpress.me\/index.php\/wp-json\/wp\/v2\/product"}],"about":[{"href":"https:\/\/singuli.wpress.me\/index.php\/wp-json\/wp\/v2\/types\/product"}],"version-history":[{"count":0,"href":"https:\/\/singuli.wpress.me\/index.php\/wp-json\/wp\/v2\/product\/44717\/revisions"}],"wp:featuredmedia":[{"embeddable":true,"href":"https:\/\/singuli.wpress.me\/index.php\/wp-json\/wp\/v2\/media\/44718"}],"wp:attachment":[{"href":"https:\/\/singuli.wpress.me\/index.php\/wp-json\/wp\/v2\/media?parent=44717"}],"wp:term":[{"taxonomy":"product_brand","embeddable":true,"href":"https:\/\/singuli.wpress.me\/index.php\/wp-json\/wp\/v2\/product_brand?post=44717"},{"taxonomy":"product_cat","embeddable":true,"href":"https:\/\/singuli.wpress.me\/index.php\/wp-json\/wp\/v2\/product_cat?post=44717"},{"taxonomy":"product_tag","embeddable":true,"href":"https:\/\/singuli.wpress.me\/index.php\/wp-json\/wp\/v2\/product_tag?post=44717"}],"curies":[{"name":"wp","href":"https:\/\/api.w.org\/{rel}","templated":true}]}}