{"id":44721,"date":"2026-04-20T12:36:17","date_gmt":"2026-04-20T12:36:17","guid":{"rendered":"https:\/\/singuli.wpress.me\/index.php\/proizvod\/domo-do717mf-pjenjac-za-mlijeko\/"},"modified":"2026-04-21T00:27:28","modified_gmt":"2026-04-21T00:27:28","slug":"domo-do717mf-pjenjac-za-mlijeko","status":"publish","type":"product","link":"https:\/\/singuli.wpress.me\/index.php\/proizvod\/domo-do717mf-pjenjac-za-mlijeko\/","title":{"rendered":"DOMO DO717MF, pjenja\u010d za mlijeko"},"content":{"rendered":"<p>Priprema savr\u0161enog pjenastog mlijeka za cappuccino, latte i druge napitke postat \u0107e dio trenutka zahvaljuju\u0107i Domo elektri\u010dnoj pjenilici za mlijeko DO717MF, jer odabirom odgovaraju\u0107eg programa mo\u017eete napraviti i toplu i hladnu mlije\u010dnu pjenu ili jednostavno pustiti kakao mlijeko zagrijati i promije\u0161ati .Aparat sam mo\u017ee zagrijati i zapjeniti mlijeko i sve to mo\u017ee u\u010diniti unutar 3 minute od uklju\u010divanja.<\/p>\n<p>Domo pjenilica za mlijeko DO717MF izra\u0111ena je od visokokvalitetnog nehr\u0111aju\u0107eg \u010delika te svojim kompaktnim dizajnom, malom te\u017einom i prije svega posebno dizajniranom ru\u010dkom s protukliznim premazom omogu\u0107uje vrlo jednostavno rukovanje i to\u010dno doziranje pjene u \u0161alicu od kave. Odr\u017eavanje grija\u010da tako\u0111er je vrlo jednostavno zbog zasebnog postolja. Posudu mo\u017eete jednostavno oprati pod teku\u0107om vodom ili u perilici posu\u0111a.<\/p>\n","protected":false},"excerpt":{"rendered":"<p>Za pripremu savr\u0161enog pjenastog mlijeka za cappuccino, latte i druga pi\u0107a<br \/>\nSam ure\u0111aj mo\u017ee grijati i pjeniti mlijeko<br \/>\nPosudu mo\u017eete jednostavno oprati pod teku\u0107om vodom ili u perilici posu\u0111a<\/p>\n","protected":false},"featured_media":44722,"template":"","meta":{"_seopress_robots_primary_cat":"","_seopress_titles_title":"","_seopress_titles_desc":"","_seopress_robots_index":"","iawp_total_views":0},"product_brand":[255],"product_cat":[192,267],"product_tag":[],"class_list":{"0":"post-44721","1":"product","2":"type-product","3":"status-publish","4":"has-post-thumbnail","6":"product_brand-domo","7":"product_cat-aparati-za-osobnu-njegu","8":"product_cat-zdravstveni-uredaji-192","10":"first","11":"outofstock","12":"shipping-taxable","13":"purchasable","14":"product-type-simple"},"_links":{"self":[{"href":"https:\/\/singuli.wpress.me\/index.php\/wp-json\/wp\/v2\/product\/44721","targetHints":{"allow":["GET"]}}],"collection":[{"href":"https:\/\/singuli.wpress.me\/index.php\/wp-json\/wp\/v2\/product"}],"about":[{"href":"https:\/\/singuli.wpress.me\/index.php\/wp-json\/wp\/v2\/types\/product"}],"version-history":[{"count":0,"href":"https:\/\/singuli.wpress.me\/index.php\/wp-json\/wp\/v2\/product\/44721\/revisions"}],"wp:featuredmedia":[{"embeddable":true,"href":"https:\/\/singuli.wpress.me\/index.php\/wp-json\/wp\/v2\/media\/44722"}],"wp:attachment":[{"href":"https:\/\/singuli.wpress.me\/index.php\/wp-json\/wp\/v2\/media?parent=44721"}],"wp:term":[{"taxonomy":"product_brand","embeddable":true,"href":"https:\/\/singuli.wpress.me\/index.php\/wp-json\/wp\/v2\/product_brand?post=44721"},{"taxonomy":"product_cat","embeddable":true,"href":"https:\/\/singuli.wpress.me\/index.php\/wp-json\/wp\/v2\/product_cat?post=44721"},{"taxonomy":"product_tag","embeddable":true,"href":"https:\/\/singuli.wpress.me\/index.php\/wp-json\/wp\/v2\/product_tag?post=44721"}],"curies":[{"name":"wp","href":"https:\/\/api.w.org\/{rel}","templated":true}]}}