{"id":44729,"date":"2026-04-20T12:36:21","date_gmt":"2026-04-20T12:36:21","guid":{"rendered":"https:\/\/singuli.wpress.me\/index.php\/proizvod\/cartamundi-fundels-edukativne-kartice-ucenje-engleskog\/"},"modified":"2026-04-20T12:36:21","modified_gmt":"2026-04-20T12:36:21","slug":"cartamundi-fundels-edukativne-kartice-ucenje-engleskog","status":"publish","type":"product","link":"https:\/\/singuli.wpress.me\/index.php\/proizvod\/cartamundi-fundels-edukativne-kartice-ucenje-engleskog\/","title":{"rendered":"CARTAMUNDI Fundels, edukativne kartice, u\u010denje engleskog"},"content":{"rendered":"<p>\u017deli\u0161 nau\u010diti svoje prve rije\u010di na engleskom brzo i jednostavno?<br \/>\nUz Fundels Learn English FlashCards u\u010denje postaje igra!<\/p>\n<p>Otkrij vi\u0161e od 50 svakodnevnih engleskih rije\u010di kroz tematske kategorije poput hrane, odje\u0107e i jo\u0161 mnogo toga. Na prednjoj strani svake kartice nalazi se ilustracija, dok je na stra\u017enjoj strani rije\u010d na engleskom jeziku. U\u010denje nikad nije bilo zabavnije jer s ovim karticama mo\u017ee\u0161 igrati \u010dak tri igre: kviz, igru pam\u0107enja i igru ma\u0161te! <br \/>\nDob: 6+<\/p>\n","protected":false},"excerpt":{"rendered":"<p>Zabavno u\u010denje engleskog jezika<br \/>\nVi\u0161e od 50 svakodnevnih engleskih rije\u010di kroz tematske kategorije<br \/>\nDob: 6+ god<\/p>\n","protected":false},"featured_media":44730,"template":"","meta":{"_seopress_robots_primary_cat":"","_seopress_titles_title":"","_seopress_titles_desc":"","_seopress_robots_index":"","iawp_total_views":0},"product_brand":[864],"product_cat":[290,221],"product_tag":[],"class_list":{"0":"post-44729","1":"product","2":"type-product","3":"status-publish","4":"has-post-thumbnail","6":"product_brand-cartamundi","7":"product_cat-drustvene-igre-221","8":"product_cat-igracke","10":"first","11":"outofstock","12":"shipping-taxable","13":"purchasable","14":"product-type-simple"},"_links":{"self":[{"href":"https:\/\/singuli.wpress.me\/index.php\/wp-json\/wp\/v2\/product\/44729","targetHints":{"allow":["GET"]}}],"collection":[{"href":"https:\/\/singuli.wpress.me\/index.php\/wp-json\/wp\/v2\/product"}],"about":[{"href":"https:\/\/singuli.wpress.me\/index.php\/wp-json\/wp\/v2\/types\/product"}],"version-history":[{"count":0,"href":"https:\/\/singuli.wpress.me\/index.php\/wp-json\/wp\/v2\/product\/44729\/revisions"}],"wp:featuredmedia":[{"embeddable":true,"href":"https:\/\/singuli.wpress.me\/index.php\/wp-json\/wp\/v2\/media\/44730"}],"wp:attachment":[{"href":"https:\/\/singuli.wpress.me\/index.php\/wp-json\/wp\/v2\/media?parent=44729"}],"wp:term":[{"taxonomy":"product_brand","embeddable":true,"href":"https:\/\/singuli.wpress.me\/index.php\/wp-json\/wp\/v2\/product_brand?post=44729"},{"taxonomy":"product_cat","embeddable":true,"href":"https:\/\/singuli.wpress.me\/index.php\/wp-json\/wp\/v2\/product_cat?post=44729"},{"taxonomy":"product_tag","embeddable":true,"href":"https:\/\/singuli.wpress.me\/index.php\/wp-json\/wp\/v2\/product_tag?post=44729"}],"curies":[{"name":"wp","href":"https:\/\/api.w.org\/{rel}","templated":true}]}}