{"id":44737,"date":"2026-04-20T12:36:25","date_gmt":"2026-04-20T12:36:25","guid":{"rendered":"https:\/\/singuli.wpress.me\/index.php\/proizvod\/tampax-tamponi-compak-regular-16-kom\/"},"modified":"2026-04-20T12:36:25","modified_gmt":"2026-04-20T12:36:25","slug":"tampax-tamponi-compak-regular-16-kom","status":"publish","type":"product","link":"https:\/\/singuli.wpress.me\/index.php\/proizvod\/tampax-tamponi-compak-regular-16-kom\/","title":{"rendered":"TAMPAX, tamponi, Compak Regular, 16\u00a0kom"},"content":{"rendered":"<p>Za pouzdanu, diskretnu i prakti\u010dnu za\u0161titu tijekom mjese\u010dnice odaberite tampone Tampax Compak Regular. <\/p>\n<p>Njihov klizni plasti\u010dni aplikator sa zaobljenim vrhom olak\u0161ava higijensko umetanje. Upijaju\u0107i kanali usmjeravaju teku\u0107inu prema mo\u0107noj jezgri, a za\u0161titni sloj poma\u017ee sprije\u010diti curenje i prije nego \u0161to se ono dogodi. <\/p>\n<p>Svaki je tampon zapakiran u \u0161areni omot koji se lako i tiho otvara, a mo\u017ee podnijeti dane i dane u va\u0161oj torbici bez da se o\u0161teti. <\/p>\n<p>Tamponi Tampax Compak u veli\u010dini Regular prikladni su za slabiju do umjerenu mjese\u010dnicu.<\/p>\n","protected":false},"excerpt":{"rendered":"<p>Tamponi s aplikatorom<br \/>\nNe sadr\u017ee dodane mirise i boje<br \/>\nS tehnologijom MotionFit za prilago\u0111avanje tijelu<\/p>\n","protected":false},"featured_media":44738,"template":"","meta":{"_seopress_robots_primary_cat":"","_seopress_titles_title":"","_seopress_titles_desc":"","_seopress_robots_index":"","iawp_total_views":0},"product_brand":[767],"product_cat":[211,288],"product_tag":[],"class_list":{"0":"post-44737","1":"product","2":"type-product","3":"status-publish","4":"has-post-thumbnail","6":"product_brand-tampax","7":"product_cat-njega-majke-i-djeteta","8":"product_cat-zenska-higijena-211","10":"first","11":"instock","12":"shipping-taxable","13":"purchasable","14":"product-type-simple"},"_links":{"self":[{"href":"https:\/\/singuli.wpress.me\/index.php\/wp-json\/wp\/v2\/product\/44737","targetHints":{"allow":["GET"]}}],"collection":[{"href":"https:\/\/singuli.wpress.me\/index.php\/wp-json\/wp\/v2\/product"}],"about":[{"href":"https:\/\/singuli.wpress.me\/index.php\/wp-json\/wp\/v2\/types\/product"}],"version-history":[{"count":0,"href":"https:\/\/singuli.wpress.me\/index.php\/wp-json\/wp\/v2\/product\/44737\/revisions"}],"wp:featuredmedia":[{"embeddable":true,"href":"https:\/\/singuli.wpress.me\/index.php\/wp-json\/wp\/v2\/media\/44738"}],"wp:attachment":[{"href":"https:\/\/singuli.wpress.me\/index.php\/wp-json\/wp\/v2\/media?parent=44737"}],"wp:term":[{"taxonomy":"product_brand","embeddable":true,"href":"https:\/\/singuli.wpress.me\/index.php\/wp-json\/wp\/v2\/product_brand?post=44737"},{"taxonomy":"product_cat","embeddable":true,"href":"https:\/\/singuli.wpress.me\/index.php\/wp-json\/wp\/v2\/product_cat?post=44737"},{"taxonomy":"product_tag","embeddable":true,"href":"https:\/\/singuli.wpress.me\/index.php\/wp-json\/wp\/v2\/product_tag?post=44737"}],"curies":[{"name":"wp","href":"https:\/\/api.w.org\/{rel}","templated":true}]}}