{"id":44757,"date":"2026-04-20T12:36:34","date_gmt":"2026-04-20T12:36:34","guid":{"rendered":"https:\/\/singuli.wpress.me\/index.php\/proizvod\/barbie-kamper-igracka\/"},"modified":"2026-04-21T00:27:28","modified_gmt":"2026-04-21T00:27:28","slug":"barbie-kamper-igracka","status":"publish","type":"product","link":"https:\/\/singuli.wpress.me\/index.php\/proizvod\/barbie-kamper-igracka\/","title":{"rendered":"BARBIE Kamper, igra\u010dka"},"content":{"rendered":"<p>Zapo\u010dnite nezaboravno **kampiranje** i pustolovine na otvorenom s veli\u010danstvenim **Barbie Kamperom iz Snova**! Kada stigne na odredi\u0161te, kamper se otvara i pretvara u **prostrani set sa 7 podru\u010dja za igru**.<\/p>\n<p>Otkrijte potpuno opremljenu **kuhinju, blagovaonicu, udobnu spava\u0107u sobu, kupaonicu, sobu s televizijom**, te nevjerojatnu vanjsku zonu s **velikim toboganom i bazenom**!<\/p>\n<p>Pomozite Barbie i njezinim prijateljima (lutke se prodaju zasebno) da se popnu i spuste niz tobogan ravno u bazen za ultimativnu ljetnu zabavu! Uz **mnogobrojne dodatke** za igru, mogu\u0107nosti za avanture su beskrajne. Savr\u0161eno za ma\u0161tovito igranje uloga i stvaranje pri\u010da o odmoru!<\/p>\n<p><em>Napomena: Lutke nisu uklju\u010dene. Boje i dekoracije mogu se razlikovati od prikazanih.<\/em><\/p>\n","protected":false},"excerpt":{"rendered":"<p>7 zona za igru: Kamper se otvara i pretvara u veliki set<br \/>\nSadr\u017ei veliki tobogan koji vodi direktno u bazen<br \/>\nVeliki set s mnogobrojnim dodacima za stvaranje pri\u010da o kampiranju<\/p>\n","protected":false},"featured_media":44758,"template":"","meta":{"_seopress_robots_primary_cat":"","_seopress_titles_title":"","_seopress_titles_desc":"","_seopress_robots_index":"","iawp_total_views":0},"product_brand":[324],"product_cat":[221,291],"product_tag":[],"class_list":{"0":"post-44757","1":"product","2":"type-product","3":"status-publish","4":"has-post-thumbnail","6":"product_brand-barbie","7":"product_cat-igracke","8":"product_cat-igracke-za-djecu-221","10":"first","11":"instock","12":"shipping-taxable","13":"purchasable","14":"product-type-simple"},"_links":{"self":[{"href":"https:\/\/singuli.wpress.me\/index.php\/wp-json\/wp\/v2\/product\/44757","targetHints":{"allow":["GET"]}}],"collection":[{"href":"https:\/\/singuli.wpress.me\/index.php\/wp-json\/wp\/v2\/product"}],"about":[{"href":"https:\/\/singuli.wpress.me\/index.php\/wp-json\/wp\/v2\/types\/product"}],"version-history":[{"count":0,"href":"https:\/\/singuli.wpress.me\/index.php\/wp-json\/wp\/v2\/product\/44757\/revisions"}],"wp:featuredmedia":[{"embeddable":true,"href":"https:\/\/singuli.wpress.me\/index.php\/wp-json\/wp\/v2\/media\/44758"}],"wp:attachment":[{"href":"https:\/\/singuli.wpress.me\/index.php\/wp-json\/wp\/v2\/media?parent=44757"}],"wp:term":[{"taxonomy":"product_brand","embeddable":true,"href":"https:\/\/singuli.wpress.me\/index.php\/wp-json\/wp\/v2\/product_brand?post=44757"},{"taxonomy":"product_cat","embeddable":true,"href":"https:\/\/singuli.wpress.me\/index.php\/wp-json\/wp\/v2\/product_cat?post=44757"},{"taxonomy":"product_tag","embeddable":true,"href":"https:\/\/singuli.wpress.me\/index.php\/wp-json\/wp\/v2\/product_tag?post=44757"}],"curies":[{"name":"wp","href":"https:\/\/api.w.org\/{rel}","templated":true}]}}