{"id":44765,"date":"2026-04-20T12:36:37","date_gmt":"2026-04-20T12:36:37","guid":{"rendered":"https:\/\/singuli.wpress.me\/index.php\/proizvod\/always-classic-standard-higijenski-ulosci-10-kom\/"},"modified":"2026-04-20T12:36:37","modified_gmt":"2026-04-20T12:36:37","slug":"always-classic-standard-higijenski-ulosci-10-kom","status":"publish","type":"product","link":"https:\/\/singuli.wpress.me\/index.php\/proizvod\/always-classic-standard-higijenski-ulosci-10-kom\/","title":{"rendered":"ALWAYS Classic Standard, higijenski ulo\u0161ci, 10\u00a0kom"},"content":{"rendered":"<p>Higijenski ulo\u0161ci Always Classic Standard pru\u017eaju za\u0161titu i osje\u0107aj \u010disto\u0107e s 3D za\u0161titnim zonama koje poma\u017eu da se osje\u0107ate za\u0161ti\u0107eno tijekom cijelog dana.<\/p>\n","protected":false},"excerpt":{"rendered":"<p>Jezgra koja upija i zadr\u017eava teku\u0107inu.<br \/>\nKrilca za za\u0161titu bo\u010dnih dijelova rublja.<br \/>\nVeli\u010dina idealna za dane sa srednje jakim krvarenjem.<\/p>\n","protected":false},"featured_media":44766,"template":"","meta":{"_seopress_robots_primary_cat":"","_seopress_titles_title":"","_seopress_titles_desc":"","_seopress_robots_index":"","iawp_total_views":0},"product_brand":[449],"product_cat":[211,288],"product_tag":[],"class_list":{"0":"post-44765","1":"product","2":"type-product","3":"status-publish","4":"has-post-thumbnail","6":"product_brand-always","7":"product_cat-njega-majke-i-djeteta","8":"product_cat-zenska-higijena-211","10":"first","11":"outofstock","12":"shipping-taxable","13":"purchasable","14":"product-type-simple"},"_links":{"self":[{"href":"https:\/\/singuli.wpress.me\/index.php\/wp-json\/wp\/v2\/product\/44765","targetHints":{"allow":["GET"]}}],"collection":[{"href":"https:\/\/singuli.wpress.me\/index.php\/wp-json\/wp\/v2\/product"}],"about":[{"href":"https:\/\/singuli.wpress.me\/index.php\/wp-json\/wp\/v2\/types\/product"}],"version-history":[{"count":0,"href":"https:\/\/singuli.wpress.me\/index.php\/wp-json\/wp\/v2\/product\/44765\/revisions"}],"wp:featuredmedia":[{"embeddable":true,"href":"https:\/\/singuli.wpress.me\/index.php\/wp-json\/wp\/v2\/media\/44766"}],"wp:attachment":[{"href":"https:\/\/singuli.wpress.me\/index.php\/wp-json\/wp\/v2\/media?parent=44765"}],"wp:term":[{"taxonomy":"product_brand","embeddable":true,"href":"https:\/\/singuli.wpress.me\/index.php\/wp-json\/wp\/v2\/product_brand?post=44765"},{"taxonomy":"product_cat","embeddable":true,"href":"https:\/\/singuli.wpress.me\/index.php\/wp-json\/wp\/v2\/product_cat?post=44765"},{"taxonomy":"product_tag","embeddable":true,"href":"https:\/\/singuli.wpress.me\/index.php\/wp-json\/wp\/v2\/product_tag?post=44765"}],"curies":[{"name":"wp","href":"https:\/\/api.w.org\/{rel}","templated":true}]}}