{"id":44771,"date":"2026-04-20T12:36:40","date_gmt":"2026-04-20T12:36:40","guid":{"rendered":"https:\/\/singuli.wpress.me\/index.php\/proizvod\/always-platinum-ultra-night-higijenski-ulosci-12-kom\/"},"modified":"2026-04-20T12:36:40","modified_gmt":"2026-04-20T12:36:40","slug":"always-platinum-ultra-night-higijenski-ulosci-12-kom","status":"publish","type":"product","link":"https:\/\/singuli.wpress.me\/index.php\/proizvod\/always-platinum-ultra-night-higijenski-ulosci-12-kom\/","title":{"rendered":"ALWAYS Platinum Ultra Night, higijenski ulo\u0161ci, 12\u00a0kom"},"content":{"rendered":"<p>Za vrhunsku kombinaciju pouzdane no\u0107ne za\u0161tite i udobnosti, odaberite higijenske ulo\u0161ke Always Platinum Night. Njihova dvoslojna povr\u0161ina s 1000 mikrojastu\u010di\u0107a i svilenkasto mekana krilca jam\u010de miran san, a tehnologija neutralizacije neugodnih mirisa pobrinut \u0107e se za dugotrajnu svje\u017einu. Mo\u0107na upijaju\u0107a jezgra i inovativna bo\u010dna za\u0161tita spre\u010davaju propu\u0161tanje, pa su ovi ulo\u0161ci u svakom pogledu Alwaysov br. 1 za za\u0161titu i udobnost. Ovi su ulo\u0161ci prikladni i za dane s izuzetno obilnom mjese\u010dnicom, a za one s umjereno obilnom preporu\u010dujemo Always Platinum Super (veli\u010dina 2).<\/p>\n","protected":false},"excerpt":{"rendered":"<p>Mo\u0107na upijaju\u0107a jezgra i inovativna bo\u010dna za\u0161tita<br \/>\nNeutralizacija neugodnih mirisa<br \/>\n1000 mekanih mikrojastu\u010di\u0107a i svilenkasta krilca<\/p>\n","protected":false},"featured_media":44772,"template":"","meta":{"_seopress_robots_primary_cat":"","_seopress_titles_title":"","_seopress_titles_desc":"","_seopress_robots_index":"","iawp_total_views":0},"product_brand":[449],"product_cat":[211,288],"product_tag":[],"class_list":{"0":"post-44771","1":"product","2":"type-product","3":"status-publish","4":"has-post-thumbnail","6":"product_brand-always","7":"product_cat-njega-majke-i-djeteta","8":"product_cat-zenska-higijena-211","10":"first","11":"instock","12":"shipping-taxable","13":"purchasable","14":"product-type-simple"},"_links":{"self":[{"href":"https:\/\/singuli.wpress.me\/index.php\/wp-json\/wp\/v2\/product\/44771","targetHints":{"allow":["GET"]}}],"collection":[{"href":"https:\/\/singuli.wpress.me\/index.php\/wp-json\/wp\/v2\/product"}],"about":[{"href":"https:\/\/singuli.wpress.me\/index.php\/wp-json\/wp\/v2\/types\/product"}],"version-history":[{"count":0,"href":"https:\/\/singuli.wpress.me\/index.php\/wp-json\/wp\/v2\/product\/44771\/revisions"}],"wp:featuredmedia":[{"embeddable":true,"href":"https:\/\/singuli.wpress.me\/index.php\/wp-json\/wp\/v2\/media\/44772"}],"wp:attachment":[{"href":"https:\/\/singuli.wpress.me\/index.php\/wp-json\/wp\/v2\/media?parent=44771"}],"wp:term":[{"taxonomy":"product_brand","embeddable":true,"href":"https:\/\/singuli.wpress.me\/index.php\/wp-json\/wp\/v2\/product_brand?post=44771"},{"taxonomy":"product_cat","embeddable":true,"href":"https:\/\/singuli.wpress.me\/index.php\/wp-json\/wp\/v2\/product_cat?post=44771"},{"taxonomy":"product_tag","embeddable":true,"href":"https:\/\/singuli.wpress.me\/index.php\/wp-json\/wp\/v2\/product_tag?post=44771"}],"curies":[{"name":"wp","href":"https:\/\/api.w.org\/{rel}","templated":true}]}}