{"id":44777,"date":"2026-04-20T12:36:44","date_gmt":"2026-04-20T12:36:44","guid":{"rendered":"https:\/\/singuli.wpress.me\/index.php\/proizvod\/gadus-s5-v142w-00-sinteticka-polutekuca-mast-18-kg\/"},"modified":"2026-04-20T12:36:44","modified_gmt":"2026-04-20T12:36:44","slug":"gadus-s5-v142w-00-sinteticka-polutekuca-mast-18-kg","status":"publish","type":"product","link":"https:\/\/singuli.wpress.me\/index.php\/proizvod\/gadus-s5-v142w-00-sinteticka-polutekuca-mast-18-kg\/","title":{"rendered":"GADUS S5 V142W 00, sinteti\u010dka poluteku\u0107a mast, 18\u00a0kg"},"content":{"rendered":"<p>Napredna sinteti\u010dka poluteku\u0107a mast za zup\u010danike koja zadovoljava najvi\u0161e zahtjeve za podmazivanjem industrijskih prijenosnih sustava uz dugotrajan rad sustava bez neplaniranih zastoja u proizvodnji. Mali industrijski reduktori mogu se do\u017eivotno podmazivati s ovom poluteku\u0107om masti. Doprinosi smanjenu potro\u0161nje energije i ni\u017ee radne temperature. Potreban manji okretni moment pri startu u usporedbi s konvencionalnim mastima. Smanjeno curenje masti; nadopuna obi\u010dno nije potrebna. Glavne primjene: mali industrijski zup\u010dasti prijenosi, pu\u017eni prijenosi. Nije preporu\u010dena za podmazivanje \u010delik\/aluminij bronca kontakta. Za takve kontakte preporu\u010da se kori\u0161tenje masti s mineralnim uljem vi\u0161eg viskoziteta.<\/p>\n","protected":false},"excerpt":{"rendered":"<p>Poluteku\u0107a mast za zup\u010danike<br \/>\nSmanjena potro\u0161nja energije<br \/>\nSmanjeno curenje masti<\/p>\n","protected":false},"featured_media":44778,"template":"","meta":{"_seopress_robots_primary_cat":"","_seopress_titles_title":"","_seopress_titles_desc":"","_seopress_robots_index":"","iawp_total_views":0},"product_brand":[413],"product_cat":[268,278],"product_tag":[],"class_list":{"0":"post-44777","1":"product","2":"type-product","3":"status-publish","4":"has-post-thumbnail","6":"product_brand-gadus","7":"product_cat-kozmetika-2","8":"product_cat-njega-tijela-268","10":"first","11":"instock","12":"shipping-taxable","13":"purchasable","14":"product-type-simple"},"_links":{"self":[{"href":"https:\/\/singuli.wpress.me\/index.php\/wp-json\/wp\/v2\/product\/44777","targetHints":{"allow":["GET"]}}],"collection":[{"href":"https:\/\/singuli.wpress.me\/index.php\/wp-json\/wp\/v2\/product"}],"about":[{"href":"https:\/\/singuli.wpress.me\/index.php\/wp-json\/wp\/v2\/types\/product"}],"version-history":[{"count":0,"href":"https:\/\/singuli.wpress.me\/index.php\/wp-json\/wp\/v2\/product\/44777\/revisions"}],"wp:featuredmedia":[{"embeddable":true,"href":"https:\/\/singuli.wpress.me\/index.php\/wp-json\/wp\/v2\/media\/44778"}],"wp:attachment":[{"href":"https:\/\/singuli.wpress.me\/index.php\/wp-json\/wp\/v2\/media?parent=44777"}],"wp:term":[{"taxonomy":"product_brand","embeddable":true,"href":"https:\/\/singuli.wpress.me\/index.php\/wp-json\/wp\/v2\/product_brand?post=44777"},{"taxonomy":"product_cat","embeddable":true,"href":"https:\/\/singuli.wpress.me\/index.php\/wp-json\/wp\/v2\/product_cat?post=44777"},{"taxonomy":"product_tag","embeddable":true,"href":"https:\/\/singuli.wpress.me\/index.php\/wp-json\/wp\/v2\/product_tag?post=44777"}],"curies":[{"name":"wp","href":"https:\/\/api.w.org\/{rel}","templated":true}]}}