{"id":44783,"date":"2026-04-20T12:36:46","date_gmt":"2026-04-20T12:36:46","guid":{"rendered":"https:\/\/singuli.wpress.me\/index.php\/proizvod\/ecover-zero-tekuci-deterdzent-za-pranje-rublja-bez-boje-i-mirisa-1-5-l\/"},"modified":"2026-04-20T12:36:46","modified_gmt":"2026-04-20T12:36:46","slug":"ecover-zero-tekuci-deterdzent-za-pranje-rublja-bez-boje-i-mirisa-1-5-l","status":"publish","type":"product","link":"https:\/\/singuli.wpress.me\/index.php\/proizvod\/ecover-zero-tekuci-deterdzent-za-pranje-rublja-bez-boje-i-mirisa-1-5-l\/","title":{"rendered":"ECOVER Zero, teku\u0107i deterd\u017eent za pranje rublja, bez boje i mirisa, 1.5\u00a0l"},"content":{"rendered":"<p>ECOVER\u00ae ZERO Teku\u0107i deterd\u017eent za rublje posjeduje nje\u017enu formulu oboga\u0107enu sastojcima na biljnoj bazi, ne sadr\u017ei miris i bojila. <\/p>\n<p>Deterd\u017eent je formuliran kako bi se umanjio rizik od nastanka alergijskih reakcija na osjetljivoj ko\u017ei. <\/p>\n<p>Osobama s ozbiljnim ko\u017enim bolestima, nije mogu\u0107e jam\u010diti prikladnost proizvoda. <\/p>\n<p>Ako imate neuobi\u010dajeno osjetljivu ko\u017eu, obratite se lije\u010dniku za savjet. <\/p>\n<p>Pogodno za bijelo i obojano rublje. <\/p>\n<p>Ne dopustiti da se deterd\u017eent osu\u0161i na odje\u0107i. <\/p>\n<p>Prije uporabe provjeriti upute za pranje va\u0161e odje\u0107e. Pogodno za pranje na 30-60\u00b0C. Ne nama\u010dite i ne perite vatrootpornu odje\u0107u iznad 50\u02d9C.<\/p>\n","protected":false},"excerpt":{"rendered":"<p>Bez mirisa i bojila<br \/>\nZa bijelo i obojeno rublje<br \/>\nBiorazgradivi sastojci na biljnoj bazi<\/p>\n","protected":false},"featured_media":44784,"template":"","meta":{"_seopress_robots_primary_cat":"","_seopress_titles_title":"","_seopress_titles_desc":"","_seopress_robots_index":"","iawp_total_views":0},"product_brand":[790],"product_cat":[284,238],"product_tag":[],"class_list":{"0":"post-44783","1":"product","2":"type-product","3":"status-publish","4":"has-post-thumbnail","6":"product_brand-ecover","7":"product_cat-sredstva-za-ciscenje-238","8":"product_cat-sve-za-dom","10":"first","11":"instock","12":"shipping-taxable","13":"purchasable","14":"product-type-simple"},"_links":{"self":[{"href":"https:\/\/singuli.wpress.me\/index.php\/wp-json\/wp\/v2\/product\/44783","targetHints":{"allow":["GET"]}}],"collection":[{"href":"https:\/\/singuli.wpress.me\/index.php\/wp-json\/wp\/v2\/product"}],"about":[{"href":"https:\/\/singuli.wpress.me\/index.php\/wp-json\/wp\/v2\/types\/product"}],"version-history":[{"count":0,"href":"https:\/\/singuli.wpress.me\/index.php\/wp-json\/wp\/v2\/product\/44783\/revisions"}],"wp:featuredmedia":[{"embeddable":true,"href":"https:\/\/singuli.wpress.me\/index.php\/wp-json\/wp\/v2\/media\/44784"}],"wp:attachment":[{"href":"https:\/\/singuli.wpress.me\/index.php\/wp-json\/wp\/v2\/media?parent=44783"}],"wp:term":[{"taxonomy":"product_brand","embeddable":true,"href":"https:\/\/singuli.wpress.me\/index.php\/wp-json\/wp\/v2\/product_brand?post=44783"},{"taxonomy":"product_cat","embeddable":true,"href":"https:\/\/singuli.wpress.me\/index.php\/wp-json\/wp\/v2\/product_cat?post=44783"},{"taxonomy":"product_tag","embeddable":true,"href":"https:\/\/singuli.wpress.me\/index.php\/wp-json\/wp\/v2\/product_tag?post=44783"}],"curies":[{"name":"wp","href":"https:\/\/api.w.org\/{rel}","templated":true}]}}