{"id":44785,"date":"2026-04-20T12:36:47","date_gmt":"2026-04-20T12:36:47","guid":{"rendered":"https:\/\/singuli.wpress.me\/index.php\/proizvod\/becutan-mlijeko-poslije-suncanja-175-ml\/"},"modified":"2026-04-21T00:27:28","modified_gmt":"2026-04-21T00:27:28","slug":"becutan-mlijeko-poslije-suncanja-175-ml","status":"publish","type":"product","link":"https:\/\/singuli.wpress.me\/index.php\/proizvod\/becutan-mlijeko-poslije-suncanja-175-ml\/","title":{"rendered":"BECUTAN, mlijeko poslije sun\u010danja, 175\u00a0ml"},"content":{"rendered":"<p>Becutan mlijeko nakon sun\u010danja (After sun) idealno je rje\u0161enje za vra\u0107anje vla\u017enosti i vitalnosti ko\u017ei nakon izlaganja suncu. Bogata formula sadr\u017ei maslinovo ulje, nevenovo ulje, kamilicu i D-pantenol, sastojke koji zajedni\u010dki pothranjuju i regeneriraju ko\u017eu, \u010dine\u0107i je mekanom i bar\u0161unastom. Zahvaljuju\u0107i visokom postotku vode, mlijeko se iznimno brzo upija i pru\u017ea intenzivnu hidrataciju, vra\u0107aju\u0107i ko\u017ei prirodnu gipkost. Osim za njegu nakon sun\u010danja, ovaj se proizvod preporu\u010duje i za svakodnevnu njegu suhe te izrazito osjetljive ko\u017ee.<\/p>\n","protected":false},"excerpt":{"rendered":"<p>Kombinacija nevenovog i maslinovog ulja poma\u017ee u brzom oporavku ko\u017ee nakon izlaganja suncu<br \/>\nKamilica i D-pantenol smiruju ko\u017eu, sprje\u010davaju iritacije i odr\u017eavaju njezinu vla\u017enost<br \/>\nBrzo se upija bez masnih tragova, pru\u017eaju\u0107i trenuta\u010dan osje\u0107aj hla\u0111enja i ugode<\/p>\n","protected":false},"featured_media":44786,"template":"","meta":{"_seopress_robots_primary_cat":"","_seopress_titles_title":"","_seopress_titles_desc":"","_seopress_robots_index":"","iawp_total_views":0},"product_brand":[803],"product_cat":[268,269],"product_tag":[],"class_list":{"0":"post-44785","1":"product","2":"type-product","3":"status-publish","4":"has-post-thumbnail","6":"product_brand-becutan","7":"product_cat-kozmetika-2","8":"product_cat-zastita-koze-268","10":"first","11":"instock","12":"shipping-taxable","13":"purchasable","14":"product-type-simple"},"_links":{"self":[{"href":"https:\/\/singuli.wpress.me\/index.php\/wp-json\/wp\/v2\/product\/44785","targetHints":{"allow":["GET"]}}],"collection":[{"href":"https:\/\/singuli.wpress.me\/index.php\/wp-json\/wp\/v2\/product"}],"about":[{"href":"https:\/\/singuli.wpress.me\/index.php\/wp-json\/wp\/v2\/types\/product"}],"version-history":[{"count":0,"href":"https:\/\/singuli.wpress.me\/index.php\/wp-json\/wp\/v2\/product\/44785\/revisions"}],"wp:featuredmedia":[{"embeddable":true,"href":"https:\/\/singuli.wpress.me\/index.php\/wp-json\/wp\/v2\/media\/44786"}],"wp:attachment":[{"href":"https:\/\/singuli.wpress.me\/index.php\/wp-json\/wp\/v2\/media?parent=44785"}],"wp:term":[{"taxonomy":"product_brand","embeddable":true,"href":"https:\/\/singuli.wpress.me\/index.php\/wp-json\/wp\/v2\/product_brand?post=44785"},{"taxonomy":"product_cat","embeddable":true,"href":"https:\/\/singuli.wpress.me\/index.php\/wp-json\/wp\/v2\/product_cat?post=44785"},{"taxonomy":"product_tag","embeddable":true,"href":"https:\/\/singuli.wpress.me\/index.php\/wp-json\/wp\/v2\/product_tag?post=44785"}],"curies":[{"name":"wp","href":"https:\/\/api.w.org\/{rel}","templated":true}]}}