{"id":44799,"date":"2026-04-20T12:36:50","date_gmt":"2026-04-20T12:36:50","guid":{"rendered":"https:\/\/singuli.wpress.me\/index.php\/proizvod\/gillette-poklon-paket-mach-3-brijac-gel-za-tusiranje-white-water-old-spice-gel-za-brijanje-soothing\/"},"modified":"2026-04-20T12:36:50","modified_gmt":"2026-04-20T12:36:50","slug":"gillette-poklon-paket-mach-3-brijac-gel-za-tusiranje-white-water-old-spice-gel-za-brijanje-soothing","status":"publish","type":"product","link":"https:\/\/singuli.wpress.me\/index.php\/proizvod\/gillette-poklon-paket-mach-3-brijac-gel-za-tusiranje-white-water-old-spice-gel-za-brijanje-soothing\/","title":{"rendered":"GILLETTE, poklon paket, Mach 3 brija\u010d + gel za tu\u0161iranje White Water + Old Spice gel za brijanje Soothing"},"content":{"rendered":"<p>Brija\u010d Gillette Mach3 ima 3 o\u0161trice koje ostaju dulje o\u0161tre u odnosu na Sensor3 brija\u010de i sna\u017enije su od \u010delika. Te o\u0161trije Turbo o\u0161trice s lako\u0107om prolaze kroz dla\u010dice dok \u0161titnik s mikrokrilcima zate\u017ee ko\u017eu za \u0161to ugodnije brijanje, a lubrikantna trakica olak\u0161ava klizanje brija\u010da. Vrhunski izbalansirana dr\u0161ka brija\u010da savr\u0161ene je te\u017eine i odli\u010dno le\u017ei u ruci. Ovu dr\u0161ku mo\u017eete koristiti u kombinaciji sa svim Gillette Mach3 zamjenskim britvicama.<\/p>\n<p>Miri\u0161i kao mu\u0161karac, \u010dovje\u010de! Nanesi Old Spice Whitewater jer neki ka\u017eu da je njegov supergenijalni miris izgubljena karika prema \u010distoj mu\u017eevnosti. Bilo to to\u010dno ili ne, jedna stvar je sigurna: taj izuzetno svje\u017e miris pomo\u0107i \u0107e ti da se rije\u0161i\u0161 neugodnih tjelesnih mirisa i pratit \u0107e te cijelog dana. Pa \u0107e\u0161 dobro mirisati i sebi i drugima. \u0160to \u010deka\u0161? Zgrabi stik Old Spice Whitewater i u\u0111i u legendu.<\/p>\n","protected":false},"excerpt":{"rendered":"<p>Brija\u010d Gillette Mach3 ima 3 o\u0161trice koje ostaju dulje o\u0161tre u odnosu na Sensor3 brija\u010de i sna\u017enije su od \u010delika.<\/p>\n","protected":false},"featured_media":44800,"template":"","meta":{"_seopress_robots_primary_cat":"","_seopress_titles_title":"","_seopress_titles_desc":"","_seopress_robots_index":"","iawp_total_views":0},"product_brand":[323],"product_cat":[261,277],"product_tag":[],"class_list":{"0":"post-44799","1":"product","2":"type-product","3":"status-publish","4":"has-post-thumbnail","6":"product_brand-gillette","7":"product_cat-hrana-i-pice","8":"product_cat-slatkisi-i-grickalice-261","10":"first","11":"outofstock","12":"shipping-taxable","13":"purchasable","14":"product-type-simple"},"_links":{"self":[{"href":"https:\/\/singuli.wpress.me\/index.php\/wp-json\/wp\/v2\/product\/44799","targetHints":{"allow":["GET"]}}],"collection":[{"href":"https:\/\/singuli.wpress.me\/index.php\/wp-json\/wp\/v2\/product"}],"about":[{"href":"https:\/\/singuli.wpress.me\/index.php\/wp-json\/wp\/v2\/types\/product"}],"version-history":[{"count":0,"href":"https:\/\/singuli.wpress.me\/index.php\/wp-json\/wp\/v2\/product\/44799\/revisions"}],"wp:featuredmedia":[{"embeddable":true,"href":"https:\/\/singuli.wpress.me\/index.php\/wp-json\/wp\/v2\/media\/44800"}],"wp:attachment":[{"href":"https:\/\/singuli.wpress.me\/index.php\/wp-json\/wp\/v2\/media?parent=44799"}],"wp:term":[{"taxonomy":"product_brand","embeddable":true,"href":"https:\/\/singuli.wpress.me\/index.php\/wp-json\/wp\/v2\/product_brand?post=44799"},{"taxonomy":"product_cat","embeddable":true,"href":"https:\/\/singuli.wpress.me\/index.php\/wp-json\/wp\/v2\/product_cat?post=44799"},{"taxonomy":"product_tag","embeddable":true,"href":"https:\/\/singuli.wpress.me\/index.php\/wp-json\/wp\/v2\/product_tag?post=44799"}],"curies":[{"name":"wp","href":"https:\/\/api.w.org\/{rel}","templated":true}]}}