{"id":44802,"date":"2026-04-20T12:36:54","date_gmt":"2026-04-20T12:36:54","guid":{"rendered":"https:\/\/singuli.wpress.me\/index.php\/proizvod\/pampers-pants-pelene-gacice-velicina-3-6k-11kg-204-kom\/"},"modified":"2026-04-20T12:36:54","modified_gmt":"2026-04-20T12:36:54","slug":"pampers-pants-pelene-gacice-velicina-3-6k-11kg-204-kom","status":"publish","type":"product","link":"https:\/\/singuli.wpress.me\/index.php\/proizvod\/pampers-pants-pelene-gacice-velicina-3-6k-11kg-204-kom\/","title":{"rendered":"PAMPERS Pants, pelene &#8211; ga\u0107ice, veli\u010dina 3, 6k-11kg, 204\u00a0kom"},"content":{"rendered":"<p>Pelene-ga\u0107ice Pampers Pants imaju d\u017eep STOP &amp; PROTECT\u2122 koji u kombinaciji s 360\u00b0 prianjanjem pru\u017ea do 12 sati za\u0161tite od propu\u0161tanja sa svih strana. Imaju i iznimno upijaju\u0107u jezgru koja odmah upija vla\u017enost, a sigurnosne trakice uz noge poma\u017eu sprije\u010diti propu\u0161tanje oko nogica. Kada se beba po\u010dne migoljiti tijekom presvla\u010denja, rje\u0161enje su pelene-ga\u0107ice Pampers Pants koje se zahvaljuju\u0107i potpuno rastezljivom pojasu navla\u010de u samo jednom potezu. Lako se i skidaju: samo ih potrgate sa strana, skinete, zamotate, zalijepite trakicom i odlo\u017eite. Kao i vama, Pampersu je sigurnost va\u0161e bebe na prvom mjestu: pelene-ga\u0107ice Pampers Pants dermatolo\u0161ki su ispitane i ne sadr\u017ee ni jedan od mirisnih alergena koje je EU izdvojila kao potencijalno opasne (prema Uredbi EU o kozmeti\u010dkim proizvodima br. 1223\/2009). Tako\u0111er su ih odobrili dermatolozi iz udru\u017eenja Skin Health Alliance, koji su potvrdili da su sigurne u dodiru s bebinom ko\u017eom.<\/p>\n<p>Sigurnosno upozorenje:<br \/>\n\u010cuvajte pakovanje izvan dosega djece da biste izbjegli gu\u0161enje\/davljenje.<\/p>\n","protected":false},"excerpt":{"rendered":"<p>Pelene-ga\u0107ice s d\u017eepom STOP &amp; PROTECT\u2122 koji poma\u017ee sprije\u010diti propu\u0161tanja odostraga<br \/>\nJednostavno mijenjanje u jednom potezu, izuzetno upijaju\u0107a jezgra<br \/>\nPrianjanje 360\u00b0 Comfort Fit, pelene-ga\u0107ice se prilago\u0111avaju bebinom trbu\u0161\u010di\u0107u i tako poma\u017eu sprije\u010diti propu\u0161tanja<\/p>\n","protected":false},"featured_media":44803,"template":"","meta":{"_seopress_robots_primary_cat":"","_seopress_titles_title":"","_seopress_titles_desc":"","_seopress_robots_index":"","iawp_total_views":0},"product_brand":[444],"product_cat":[211,310],"product_tag":[],"class_list":{"0":"post-44802","1":"product","2":"type-product","3":"status-publish","4":"has-post-thumbnail","6":"product_brand-pampers","7":"product_cat-njega-majke-i-djeteta","8":"product_cat-pelene-211","10":"first","11":"outofstock","12":"shipping-taxable","13":"purchasable","14":"product-type-simple"},"_links":{"self":[{"href":"https:\/\/singuli.wpress.me\/index.php\/wp-json\/wp\/v2\/product\/44802","targetHints":{"allow":["GET"]}}],"collection":[{"href":"https:\/\/singuli.wpress.me\/index.php\/wp-json\/wp\/v2\/product"}],"about":[{"href":"https:\/\/singuli.wpress.me\/index.php\/wp-json\/wp\/v2\/types\/product"}],"version-history":[{"count":0,"href":"https:\/\/singuli.wpress.me\/index.php\/wp-json\/wp\/v2\/product\/44802\/revisions"}],"wp:featuredmedia":[{"embeddable":true,"href":"https:\/\/singuli.wpress.me\/index.php\/wp-json\/wp\/v2\/media\/44803"}],"wp:attachment":[{"href":"https:\/\/singuli.wpress.me\/index.php\/wp-json\/wp\/v2\/media?parent=44802"}],"wp:term":[{"taxonomy":"product_brand","embeddable":true,"href":"https:\/\/singuli.wpress.me\/index.php\/wp-json\/wp\/v2\/product_brand?post=44802"},{"taxonomy":"product_cat","embeddable":true,"href":"https:\/\/singuli.wpress.me\/index.php\/wp-json\/wp\/v2\/product_cat?post=44802"},{"taxonomy":"product_tag","embeddable":true,"href":"https:\/\/singuli.wpress.me\/index.php\/wp-json\/wp\/v2\/product_tag?post=44802"}],"curies":[{"name":"wp","href":"https:\/\/api.w.org\/{rel}","templated":true}]}}