{"id":44812,"date":"2026-04-20T12:36:58","date_gmt":"2026-04-20T12:36:58","guid":{"rendered":"https:\/\/singuli.wpress.me\/index.php\/proizvod\/lenor-parfumelle-mixpack-omeksivac-8-x-1200-ml\/"},"modified":"2026-04-21T00:27:28","modified_gmt":"2026-04-21T00:27:28","slug":"lenor-parfumelle-mixpack-omeksivac-8-x-1200-ml","status":"publish","type":"product","link":"https:\/\/singuli.wpress.me\/index.php\/proizvod\/lenor-parfumelle-mixpack-omeksivac-8-x-1200-ml\/","title":{"rendered":"LENOR Parfumelle Mixpack, omek\u0161iva\u010d, 8 x 1200 ml"},"content":{"rendered":"<p>Omek\u0161iva\u010di rublja Lenor Sensitive pru\u017eaju dugotrajnu svje\u017einu, za posteljinu koja miri\u0161e svje\u017ee do sedam dana. Nahranite du\u0161u. Zatvorite o\u010di i umirite svoja \u010dula. U\u017eivajte u smiruju\u0107oj kombinaciji vrhunskih mirisa.<\/p>\n","protected":false},"excerpt":{"rendered":"<p>Pru\u017ea dugotrajnu svje\u017einu za posteljinu koja miri\u0161e svje\u017ee do sedam dana<br \/>\nS biljnim sastojcima za meko\u0107u (85% sastojaka koji doprinose Lenorovoj formuli za meko\u0107u su na biljnoj bazi)<br \/>\nDermatolo\u0161ki testiran omek\u0161iva\u010d rublja<\/p>\n","protected":false},"featured_media":44813,"template":"","meta":{"_seopress_robots_primary_cat":"","_seopress_titles_title":"","_seopress_titles_desc":"","_seopress_robots_index":"","iawp_total_views":0},"product_brand":[446],"product_cat":[283,238],"product_tag":[],"class_list":{"0":"post-44812","1":"product","2":"type-product","3":"status-publish","4":"has-post-thumbnail","6":"product_brand-lenor","7":"product_cat-pranje-rublja-238","8":"product_cat-sve-za-dom","10":"first","11":"outofstock","12":"shipping-taxable","13":"purchasable","14":"product-type-simple"},"_links":{"self":[{"href":"https:\/\/singuli.wpress.me\/index.php\/wp-json\/wp\/v2\/product\/44812","targetHints":{"allow":["GET"]}}],"collection":[{"href":"https:\/\/singuli.wpress.me\/index.php\/wp-json\/wp\/v2\/product"}],"about":[{"href":"https:\/\/singuli.wpress.me\/index.php\/wp-json\/wp\/v2\/types\/product"}],"version-history":[{"count":0,"href":"https:\/\/singuli.wpress.me\/index.php\/wp-json\/wp\/v2\/product\/44812\/revisions"}],"wp:featuredmedia":[{"embeddable":true,"href":"https:\/\/singuli.wpress.me\/index.php\/wp-json\/wp\/v2\/media\/44813"}],"wp:attachment":[{"href":"https:\/\/singuli.wpress.me\/index.php\/wp-json\/wp\/v2\/media?parent=44812"}],"wp:term":[{"taxonomy":"product_brand","embeddable":true,"href":"https:\/\/singuli.wpress.me\/index.php\/wp-json\/wp\/v2\/product_brand?post=44812"},{"taxonomy":"product_cat","embeddable":true,"href":"https:\/\/singuli.wpress.me\/index.php\/wp-json\/wp\/v2\/product_cat?post=44812"},{"taxonomy":"product_tag","embeddable":true,"href":"https:\/\/singuli.wpress.me\/index.php\/wp-json\/wp\/v2\/product_tag?post=44812"}],"curies":[{"name":"wp","href":"https:\/\/api.w.org\/{rel}","templated":true}]}}